{"id":990,"date":"2025-02-11T13:18:14","date_gmt":"2025-02-11T11:18:14","guid":{"rendered":"https:\/\/kinonaart.com\/producte\/herbario-modelo-mimosa\/"},"modified":"2025-09-11T12:00:50","modified_gmt":"2025-09-11T10:00:50","slug":"herbario-modelo-mimosa","status":"publish","type":"product","link":"https:\/\/kinonaart.com\/es\/producte\/herbario-modelo-mimosa\/","title":{"rendered":"Herbario modelo Mimosa"},"content":{"rendered":"<p>Herbario modelo mimosa.<\/p>\n<p>Composici\u00f3n bot\u00e0nica, cuadro de flores secas prensadas naturales.<\/p>\n<p>Prensado tradicional sin colorantes ni conservantes.<\/p>\n<p>Producto artesanal elaborado a mano.<\/p>\n<p>Dos opciones a escoger: con marco o sin marco.<\/p>\n<p>Material vegetal: flores y hojas de mimosa<\/p>\n<p>Soprte de color marfil de 300 g.<\/p>\n<p>Marco de roble y cristal. Madera con certificado FSC<\/p>\n<p><strong>Nota:<\/strong> A causa de la iluminaci\u00f3n, c\u00e1mara, etc pueden existir peque\u00f1as diferencias de color.<\/p>\n<p>&nbsp;<\/p>\n","protected":false},"excerpt":{"rendered":"<p>Herbario modelo mimosa. Composici\u00f3n bot\u00e0nica, cuadro de flores secas prensadas naturales. Prensado tradicional sin colorantes ni conservantes. Producto artesanal elaborado a mano. Dos opciones a escoger: con marco o sin marco. Material vegetal: flores y hojas de mimosa Soprte de color marfil de 300 g. Marco de roble y cristal. Madera con certificado FSC Nota: [&hellip;]<\/p>\n","protected":false},"featured_media":989,"template":"","meta":{"_seopress_robots_primary_cat":"none","_seopress_titles_title":"","_seopress_titles_desc":"","_seopress_robots_index":""},"product_brand":[],"product_cat":[53,81],"product_tag":[],"class_list":{"0":"post-990","1":"product","2":"type-product","3":"status-publish","4":"has-post-thumbnail","6":"product_cat-artesania-de-flores-prensadas","7":"product_cat-cuadros-y-laminas-botanicas-herbarios","9":"first","10":"instock","11":"sold-individually","12":"taxable","13":"shipping-taxable","14":"purchasable","15":"product-type-variable"},"_links":{"self":[{"href":"https:\/\/kinonaart.com\/es\/wp-json\/wp\/v2\/product\/990","targetHints":{"allow":["GET"]}}],"collection":[{"href":"https:\/\/kinonaart.com\/es\/wp-json\/wp\/v2\/product"}],"about":[{"href":"https:\/\/kinonaart.com\/es\/wp-json\/wp\/v2\/types\/product"}],"wp:featuredmedia":[{"embeddable":true,"href":"https:\/\/kinonaart.com\/es\/wp-json\/wp\/v2\/media\/989"}],"wp:attachment":[{"href":"https:\/\/kinonaart.com\/es\/wp-json\/wp\/v2\/media?parent=990"}],"wp:term":[{"taxonomy":"product_brand","embeddable":true,"href":"https:\/\/kinonaart.com\/es\/wp-json\/wp\/v2\/product_brand?post=990"},{"taxonomy":"product_cat","embeddable":true,"href":"https:\/\/kinonaart.com\/es\/wp-json\/wp\/v2\/product_cat?post=990"},{"taxonomy":"product_tag","embeddable":true,"href":"https:\/\/kinonaart.com\/es\/wp-json\/wp\/v2\/product_tag?post=990"}],"curies":[{"name":"wp","href":"https:\/\/api.w.org\/{rel}","templated":true}]}}