{"id":880,"date":"2024-11-12T17:30:38","date_gmt":"2024-11-12T15:30:38","guid":{"rendered":"https:\/\/kinonaart.com\/producte\/pack-de-flors-i-fulles\/"},"modified":"2025-04-02T19:21:55","modified_gmt":"2025-04-02T17:21:55","slug":"pack-de-flors-i-fulles","status":"publish","type":"product","link":"https:\/\/kinonaart.com\/es\/producte\/pack-de-flors-i-fulles\/","title":{"rendered":"Pack de flores y hojas prensadas"},"content":{"rendered":"<p>Pack de flores y hojas prensadas. Contenido 24 unidades. Colores y texturas variadas.<\/p>\n<p>Conjunto de flores y hojas prensadas secas para decorar tus manualidades: resina, bisuter\u00eda, velas, \u00a0tarjetas de regalo, \u00e1lbumes \u00a0etc.<\/p>\n<p>Flores y hojas de nuestro jard\u00edn \u00a0prensadas con m\u00e9todos \u00a0tradicionales sin colorantes ni aditivos.<\/p>\n<p>Pueden haber diferentes flores o hojas seg\u00fan la \u00e9poca del a\u00f1o o disponibilidad.<\/p>\n<p>&nbsp;<\/p>\n<p><a href=\"http:\/\/instagram.com\/kinonaart\">Mira mi producto en Instagram!<\/a><\/p>\n<p>&nbsp;<\/p>\n<p>Pack de flores y hojas secas prensadas artesanalmente utilizando metodos tradicionales. Producto artesanal.<\/p>\n<p>La mayor\u00eda de plantas son cultivadas por nosotros, desde la semilla, en nuestro jard\u00edn ecol\u00f3gico. No utilizamos productos ni abonos qu\u00edmicos.<\/p>\n<p><strong>Usos:<\/strong><\/p>\n<p>Elabora tus propias tarjetas e invitaciones totalmente personalizadas y con un toque de naturaleza.<\/p>\n<p>Las flores prensadas se utilizan tambi\u00e9n para decorar herbarios, cuadernos, marca paginas, velas, cosm\u00e9ticos, jabones, fundas de tel\u00e9fono, u\u00f1as, art\u00edculos de resina, bisuter\u00eda etc. Un mundo de posibilidades.<\/p>\n<p>Con el paso del tiempo el color del material vegetal puede variar un poco. Es su proceso natural !<\/p>\n<p><strong>Conservaci\u00f3n del material\u00a0<\/strong><b>vegetal:<\/b><\/p>\n<p>Si las flores y hojas prensadas estan protegidas por un cristal como puede ser un marco o una campana, no hay ning\u00fan problema para su conservaci\u00f3n. Solo tendremos que vigilar que no reciban luz directa ni que est\u00e9n cerca de fuentes de calor como estufas o radiadores. Por el contrario si el material vegetal no tiene ninguna protecci\u00f3n podemos aplicar un sellador floral, o una capa de cola o barniz suave en spray, adecuados. Si queremos una protecci\u00f3n mas suave con un acabado natural, un poco de laca para los cabellos ser\u00e1 suficiente.<\/p>\n<p><strong>Curiosidades:<\/strong><\/p>\n<p>Se han prensado y conservado plantas desde hace siglos, ya sean por motivos cient\u00edficos, decorativos, o para el recuerdo. El ejemplar mas antiguo fue hallado en una tumba egipcia del a\u00f1o 300 a.C.<\/p>\n<p>Encontraras mas informaci\u00f3n sobre este tema en mi blog : <a href=\"https:\/\/kinonaart.com\/es\/las-flores-prensadas-en-la-historia\/\">Las flores prensadas en la historia\u00a0<\/a><\/p>\n<p>&nbsp;<\/p>\n<p>&nbsp;<\/p>\n","protected":false},"excerpt":{"rendered":"<p>Pack de flores y hojas prensadas. Contenido 24 unidades. Colores y texturas variadas. Conjunto de flores y hojas prensadas secas para decorar tus manualidades: resina, bisuter\u00eda, velas, \u00a0tarjetas de regalo, \u00e1lbumes \u00a0etc. Flores y hojas de nuestro jard\u00edn \u00a0prensadas con m\u00e9todos \u00a0tradicionales sin colorantes ni aditivos. Pueden haber diferentes flores o hojas seg\u00fan la \u00e9poca [&hellip;]<\/p>\n","protected":false},"featured_media":869,"template":"","meta":{"_seopress_robots_primary_cat":"none","_seopress_titles_title":"","_seopress_titles_desc":"","_seopress_robots_index":""},"product_brand":[],"product_cat":[53,50],"product_tag":[],"class_list":{"0":"post-880","1":"product","2":"type-product","3":"status-publish","4":"has-post-thumbnail","6":"product_cat-artesania-de-flores-prensadas","7":"product_cat-flores-prensadas-para-manualidades","9":"first","10":"instock","11":"taxable","12":"shipping-taxable","13":"purchasable","14":"product-type-simple"},"_links":{"self":[{"href":"https:\/\/kinonaart.com\/es\/wp-json\/wp\/v2\/product\/880","targetHints":{"allow":["GET"]}}],"collection":[{"href":"https:\/\/kinonaart.com\/es\/wp-json\/wp\/v2\/product"}],"about":[{"href":"https:\/\/kinonaart.com\/es\/wp-json\/wp\/v2\/types\/product"}],"wp:featuredmedia":[{"embeddable":true,"href":"https:\/\/kinonaart.com\/es\/wp-json\/wp\/v2\/media\/869"}],"wp:attachment":[{"href":"https:\/\/kinonaart.com\/es\/wp-json\/wp\/v2\/media?parent=880"}],"wp:term":[{"taxonomy":"product_brand","embeddable":true,"href":"https:\/\/kinonaart.com\/es\/wp-json\/wp\/v2\/product_brand?post=880"},{"taxonomy":"product_cat","embeddable":true,"href":"https:\/\/kinonaart.com\/es\/wp-json\/wp\/v2\/product_cat?post=880"},{"taxonomy":"product_tag","embeddable":true,"href":"https:\/\/kinonaart.com\/es\/wp-json\/wp\/v2\/product_tag?post=880"}],"curies":[{"name":"wp","href":"https:\/\/api.w.org\/{rel}","templated":true}]}}