{"id":844,"date":"2024-11-11T18:56:09","date_gmt":"2024-11-11T16:56:09","guid":{"rendered":"https:\/\/kinonaart.com\/producte\/hidrolato-de-calendula\/"},"modified":"2025-09-22T18:02:46","modified_gmt":"2025-09-22T16:02:46","slug":"hidrolato-de-calendula","status":"publish","type":"product","link":"https:\/\/kinonaart.com\/es\/producte\/hidrolato-de-calendula\/","title":{"rendered":"Hidrolato de cal\u00e9ndula &#8211; Agua floral"},"content":{"rendered":"<p><strong>Hidrolato de\u00a0<\/strong><b>cal\u00e9ndula &#8211; Agua floral<\/b><\/p>\n<p>Calendula officinalis<\/p>\n<p style=\"text-align: left;\">Llamada el sol de los jardines. El agua floral de esta planta se utiliza sobre todo por sus propiedades suavizantes y reparadoras para la piel. Aroma vegetal.<\/p>\n<p><strong>Ingredientes:\u00a0<\/strong>agua, flores de cal\u00e9ndula de cultivo propio org\u00e1nico.<\/p>\n<p><strong>Presentaci\u00f3n:\u00a0<\/strong>100ml<\/p>\n<p>Frascos de vidrio oscuro esterilizados.<\/p>\n<p>Producto artesanal elaborado de forma tradicional. Producto natural. Destilaci\u00f3n artesanal con alambique de cobre y cristales energ\u00e9ticos.<\/p>\n<p><b>Propiedades *<\/b><\/p>\n<ul>\n<li>Refresca, hidrata y calma la piel<\/li>\n<li>T\u00f3nico facial para pieles sensibles o irritadas<\/li>\n<li>Hidratante<\/li>\n<li>Antis\u00e9ptico suave<\/li>\n<\/ul>\n<p><a href=\"https:\/\/kinonaart.com\/es\/hidrolatos-artesanales-que-son-beneficios-y-aplicaciones\/\">Que son los hidrolatos?<\/a><\/p>\n<p><strong>Conservaci\u00f3n:<\/strong><\/p>\n<p>Los hidrolatos tienen una vida larga de uno a dos a\u00f1os. Guardar en un lugar oscuro y fresco. Una vez abiertos conservar en la nevera.<\/p>\n<p>(*) Son indicaciones no prescripciones. La informaci\u00f3n procede de la bibliograf\u00eda de varios expertos en hidrolaterapia.<\/p>\n<p style=\"text-align: left;\">\n","protected":false},"excerpt":{"rendered":"<p>Hidrolato de\u00a0cal\u00e9ndula &#8211; Agua floral Calendula officinalis Llamada el sol de los jardines. El agua floral de esta planta se utiliza sobre todo por sus propiedades suavizantes y reparadoras para la piel. Aroma vegetal. Ingredientes:\u00a0agua, flores de cal\u00e9ndula de cultivo propio org\u00e1nico. Presentaci\u00f3n:\u00a0100ml Frascos de vidrio oscuro esterilizados. Producto artesanal elaborado de forma tradicional. Producto [&hellip;]<\/p>\n","protected":false},"featured_media":843,"template":"","meta":{"_seopress_robots_primary_cat":"","_seopress_titles_title":"","_seopress_titles_desc":"","_seopress_robots_index":""},"product_brand":[],"product_cat":[56],"product_tag":[],"class_list":{"0":"post-844","1":"product","2":"type-product","3":"status-publish","4":"has-post-thumbnail","6":"product_cat-hidrolatos","8":"first","9":"outofstock","10":"taxable","11":"shipping-taxable","12":"purchasable","13":"product-type-simple"},"_links":{"self":[{"href":"https:\/\/kinonaart.com\/es\/wp-json\/wp\/v2\/product\/844","targetHints":{"allow":["GET"]}}],"collection":[{"href":"https:\/\/kinonaart.com\/es\/wp-json\/wp\/v2\/product"}],"about":[{"href":"https:\/\/kinonaart.com\/es\/wp-json\/wp\/v2\/types\/product"}],"wp:featuredmedia":[{"embeddable":true,"href":"https:\/\/kinonaart.com\/es\/wp-json\/wp\/v2\/media\/843"}],"wp:attachment":[{"href":"https:\/\/kinonaart.com\/es\/wp-json\/wp\/v2\/media?parent=844"}],"wp:term":[{"taxonomy":"product_brand","embeddable":true,"href":"https:\/\/kinonaart.com\/es\/wp-json\/wp\/v2\/product_brand?post=844"},{"taxonomy":"product_cat","embeddable":true,"href":"https:\/\/kinonaart.com\/es\/wp-json\/wp\/v2\/product_cat?post=844"},{"taxonomy":"product_tag","embeddable":true,"href":"https:\/\/kinonaart.com\/es\/wp-json\/wp\/v2\/product_tag?post=844"}],"curies":[{"name":"wp","href":"https:\/\/api.w.org\/{rel}","templated":true}]}}