{"id":788,"date":"2024-11-04T13:27:54","date_gmt":"2024-11-04T11:27:54","guid":{"rendered":"https:\/\/kinonaart.com\/producte\/agua-florida-artesanal\/"},"modified":"2025-09-17T17:28:23","modified_gmt":"2025-09-17T15:28:23","slug":"agua-florida-artesanal","status":"publish","type":"product","link":"https:\/\/kinonaart.com\/es\/producte\/agua-florida-artesanal\/","title":{"rendered":"Agua florida artesanal"},"content":{"rendered":"<p>Es la version americana de l&#8217;eau de cologne, mas fresca y citrica. Una de las primeras colonias que se conocen.<\/p>\n<p>Elaborada artesanalmente con productos naturales y plantas de nuestro jard\u00edn ecol\u00f3gico.<\/p>\n<p>Ingredientes: agua, alcohol de perfumista,citricos,especias (canela,clavo,anis estrellado) y plantas arom\u00e1ticas de nuestro jard\u00edn (menta, romero,flores de lavanda).<\/p>\n<p>Sin conservantes ni colorantes. Producto natural<\/p>\n<p>NO INGERIR<\/p>\n<p>Presentaci\u00f3n: 100 ml.<\/p>\n<p><strong>Usos y aplicaciones:<\/strong><\/p>\n<ul>\n<li>Colonia<\/li>\n<li>Para la piel<\/li>\n<li>Masajes<\/li>\n<li>Desinfectante<\/li>\n<li>Para limpiezas energ\u00e9ticas<\/li>\n<li>Proteger y purificar ambiente<\/li>\n<li>Relajaci\u00f3n, serenidad mental. Ioga<\/li>\n<\/ul>\n","protected":false},"excerpt":{"rendered":"<p>Es la version americana de l&#8217;eau de cologne, mas fresca y citrica. Una de las primeras colonias que se conocen. Elaborada artesanalmente con productos naturales y plantas de nuestro jard\u00edn ecol\u00f3gico. Ingredientes: agua, alcohol de perfumista,citricos,especias (canela,clavo,anis estrellado) y plantas arom\u00e1ticas de nuestro jard\u00edn (menta, romero,flores de lavanda). Sin conservantes ni colorantes. Producto natural NO [&hellip;]<\/p>\n","protected":false},"featured_media":787,"template":"","meta":{"_seopress_robots_primary_cat":"","_seopress_titles_title":"","_seopress_titles_desc":"","_seopress_robots_index":""},"product_brand":[],"product_cat":[52],"product_tag":[],"class_list":{"0":"post-788","1":"product","2":"type-product","3":"status-publish","4":"has-post-thumbnail","6":"product_cat-la-casa-perfumada","8":"first","9":"instock","10":"taxable","11":"shipping-taxable","12":"purchasable","13":"product-type-simple"},"_links":{"self":[{"href":"https:\/\/kinonaart.com\/es\/wp-json\/wp\/v2\/product\/788","targetHints":{"allow":["GET"]}}],"collection":[{"href":"https:\/\/kinonaart.com\/es\/wp-json\/wp\/v2\/product"}],"about":[{"href":"https:\/\/kinonaart.com\/es\/wp-json\/wp\/v2\/types\/product"}],"wp:featuredmedia":[{"embeddable":true,"href":"https:\/\/kinonaart.com\/es\/wp-json\/wp\/v2\/media\/787"}],"wp:attachment":[{"href":"https:\/\/kinonaart.com\/es\/wp-json\/wp\/v2\/media?parent=788"}],"wp:term":[{"taxonomy":"product_brand","embeddable":true,"href":"https:\/\/kinonaart.com\/es\/wp-json\/wp\/v2\/product_brand?post=788"},{"taxonomy":"product_cat","embeddable":true,"href":"https:\/\/kinonaart.com\/es\/wp-json\/wp\/v2\/product_cat?post=788"},{"taxonomy":"product_tag","embeddable":true,"href":"https:\/\/kinonaart.com\/es\/wp-json\/wp\/v2\/product_tag?post=788"}],"curies":[{"name":"wp","href":"https:\/\/api.w.org\/{rel}","templated":true}]}}