{"id":772,"date":"2024-10-30T18:56:38","date_gmt":"2024-10-30T16:56:38","guid":{"rendered":"https:\/\/kinonaart.com\/producte\/delantal-bidens\/"},"modified":"2025-09-13T19:11:19","modified_gmt":"2025-09-13T17:11:19","slug":"delantal-bidens","status":"publish","type":"product","link":"https:\/\/kinonaart.com\/es\/producte\/delantal-bidens\/","title":{"rendered":"Delantal con estampado de ecoprint Bidens"},"content":{"rendered":"<p>Delantal con estampado de ecoprint bidens.<\/p>\n<p>Delantal de algod\u00f3n 100% color crudo con bolsillo frontal. Pieza \u00fanica.<\/p>\n<p>Estampado con la t\u00e9cnica de Ecoprint (Estampaci\u00f3n bot\u00e1nica), hojas de geranio y flores de bidens de nuestro jard\u00edn.<\/p>\n<p>Medidas: 100 x 205 x 2,3cm<\/p>\n<p>Ver productos relacionados <a href=\"https:\/\/kinonaart.com\/es\/producte\/delantal-topos\/\">aqui\u00a0<\/a><\/p>\n<p>El Ecoprint es un proceso de estampaci\u00f3n artesanal respetuoso con el medio ambiente, en el que flores y hojas dejan su huella natural en los tejidos. De esta forma conseguimos piezas \u00fanicas, con formas org\u00e1nicas, de tejidos naturales. Una caricia para tu piel.<\/p>\n<p>Consejos de lavado: Al ser piezas de tejidos naturales se recomienda lavarlas a mano con agua fr\u00eda y un jab\u00f3n suave. Secar a la sombra.<\/p>\n<p>Pueden haber peque\u00f1as diferencias de color a causa de la iluminaci\u00f3n, tipo de c\u00e1mara etc.<\/p>\n","protected":false},"excerpt":{"rendered":"<p>Delantal con estampado de ecoprint bidens. Delantal de algod\u00f3n 100% color crudo con bolsillo frontal. Pieza \u00fanica. Estampado con la t\u00e9cnica de Ecoprint (Estampaci\u00f3n bot\u00e1nica), hojas de geranio y flores de bidens de nuestro jard\u00edn. Medidas: 100 x 205 x 2,3cm Ver productos relacionados aqui\u00a0 El Ecoprint es un proceso de estampaci\u00f3n artesanal respetuoso con [&hellip;]<\/p>\n","protected":false},"featured_media":771,"template":"","meta":{"_seopress_robots_primary_cat":"","_seopress_titles_title":"","_seopress_titles_desc":"","_seopress_robots_index":""},"product_brand":[],"product_cat":[94,83],"product_tag":[],"class_list":{"0":"post-772","1":"product","2":"type-product","3":"status-publish","4":"has-post-thumbnail","6":"product_cat-textiles-para-el-hogar-es","7":"product_cat-ecoprint-y-tintes-naturales","9":"first","10":"instock","11":"sold-individually","12":"taxable","13":"shipping-taxable","14":"purchasable","15":"product-type-simple"},"_links":{"self":[{"href":"https:\/\/kinonaart.com\/es\/wp-json\/wp\/v2\/product\/772","targetHints":{"allow":["GET"]}}],"collection":[{"href":"https:\/\/kinonaart.com\/es\/wp-json\/wp\/v2\/product"}],"about":[{"href":"https:\/\/kinonaart.com\/es\/wp-json\/wp\/v2\/types\/product"}],"wp:featuredmedia":[{"embeddable":true,"href":"https:\/\/kinonaart.com\/es\/wp-json\/wp\/v2\/media\/771"}],"wp:attachment":[{"href":"https:\/\/kinonaart.com\/es\/wp-json\/wp\/v2\/media?parent=772"}],"wp:term":[{"taxonomy":"product_brand","embeddable":true,"href":"https:\/\/kinonaart.com\/es\/wp-json\/wp\/v2\/product_brand?post=772"},{"taxonomy":"product_cat","embeddable":true,"href":"https:\/\/kinonaart.com\/es\/wp-json\/wp\/v2\/product_cat?post=772"},{"taxonomy":"product_tag","embeddable":true,"href":"https:\/\/kinonaart.com\/es\/wp-json\/wp\/v2\/product_tag?post=772"}],"curies":[{"name":"wp","href":"https:\/\/api.w.org\/{rel}","templated":true}]}}