{"id":739,"date":"2024-10-28T19:32:14","date_gmt":"2024-10-28T17:32:14","guid":{"rendered":"https:\/\/kinonaart.com\/producte\/medallon-vintage-mariposa\/"},"modified":"2024-10-28T19:53:29","modified_gmt":"2024-10-28T17:53:29","slug":"medallon-vintage-mariposa","status":"publish","type":"product","link":"https:\/\/kinonaart.com\/es\/producte\/medallon-vintage-mariposa\/","title":{"rendered":"Medall\u00f3n vintage mariposa"},"content":{"rendered":"<p>Medall\u00f3n relicario nacarado y flores secas en su interior. Con cadena.<\/p>\n<p>Flores prensadas de paniculata rosa. Medall\u00f3n de acero inoxidable.<\/p>\n<p>Medidas: 2 x 1,5cm aprox. Cadena de 50cm.<\/p>\n<p>Los medallones relicarios o locket son un bonito detalle rom\u00e1ntico para tu colecci\u00f3n de bisuter\u00eda o para regalar a una persona especial.<\/p>\n","protected":false},"excerpt":{"rendered":"<p>Medall\u00f3n relicario nacarado y flores secas en su interior. Con cadena. Flores prensadas de paniculata rosa. Medall\u00f3n de acero inoxidable. Medidas: 2 x 1,5cm aprox. Cadena de 50cm. Los medallones relicarios o locket son un bonito detalle rom\u00e1ntico para tu colecci\u00f3n de bisuter\u00eda o para regalar a una persona especial.<\/p>\n","protected":false},"featured_media":733,"template":"","meta":{"_seopress_robots_primary_cat":"","_seopress_titles_title":"","_seopress_titles_desc":"","_seopress_robots_index":""},"product_brand":[],"product_cat":[88,53],"product_tag":[],"class_list":{"0":"post-739","1":"product","2":"type-product","3":"status-publish","4":"has-post-thumbnail","6":"product_cat-medallones-con-flores-secas","7":"product_cat-artesania-de-flores-prensadas","9":"first","10":"instock","11":"sold-individually","12":"taxable","13":"shipping-taxable","14":"purchasable","15":"product-type-simple"},"_links":{"self":[{"href":"https:\/\/kinonaart.com\/es\/wp-json\/wp\/v2\/product\/739","targetHints":{"allow":["GET"]}}],"collection":[{"href":"https:\/\/kinonaart.com\/es\/wp-json\/wp\/v2\/product"}],"about":[{"href":"https:\/\/kinonaart.com\/es\/wp-json\/wp\/v2\/types\/product"}],"wp:featuredmedia":[{"embeddable":true,"href":"https:\/\/kinonaart.com\/es\/wp-json\/wp\/v2\/media\/733"}],"wp:attachment":[{"href":"https:\/\/kinonaart.com\/es\/wp-json\/wp\/v2\/media?parent=739"}],"wp:term":[{"taxonomy":"product_brand","embeddable":true,"href":"https:\/\/kinonaart.com\/es\/wp-json\/wp\/v2\/product_brand?post=739"},{"taxonomy":"product_cat","embeddable":true,"href":"https:\/\/kinonaart.com\/es\/wp-json\/wp\/v2\/product_cat?post=739"},{"taxonomy":"product_tag","embeddable":true,"href":"https:\/\/kinonaart.com\/es\/wp-json\/wp\/v2\/product_tag?post=739"}],"curies":[{"name":"wp","href":"https:\/\/api.w.org\/{rel}","templated":true}]}}