{"id":736,"date":"2024-10-28T19:07:40","date_gmt":"2024-10-28T17:07:40","guid":{"rendered":"https:\/\/kinonaart.com\/producte\/736\/"},"modified":"2025-09-10T18:33:42","modified_gmt":"2025-09-10T16:33:42","slug":"736","status":"publish","type":"product","link":"https:\/\/kinonaart.com\/es\/producte\/736\/","title":{"rendered":"Chal de lino con estampado de ecoprint flores de verno"},"content":{"rendered":"<p>Chal de lino con estampado de ecoprint.<\/p>\n<p>Pa\u00f1uelo de lino en color crudo . Estampado con la t\u00e9cnica de Ecoprint o estampaci\u00f3n bot\u00e1nica. Terminaci\u00f3n deshilachado.<\/p>\n<p>Tejido 100% lino natural<\/p>\n<p>Material vegetal: flores de bidens, cosmos y rudbeckia, procedentes de nuestro jard\u00edn.<\/p>\n<p>Medidas: 90 x 90 cm. Pieza unica.<\/p>\n<p>El proceso de ecoprint o estampaci\u00f3n bot\u00e1nica es artesanal y respetuoso con el medio ambiente, en el que hojas y flores dejan se huella natural en los tejidos. De esta forma conseguimos piezas \u00fanicas, con formas org\u00e1nicas, de tejidos naturales. Una caricia para tu piel.<\/p>\n<p>Consejos de lavado: Al ser piezas de tejidos naturales se recomienda lavarlas a mano con un jab\u00f3n suave. Secar a la sombra.<\/p>\n<p>Pueden haver peque\u00f1as diferencias de color a causa de la iluminaci\u00f3n, c\u00e1mara etc.<\/p>\n","protected":false},"excerpt":{"rendered":"<p>Chal de lino con estampado de ecoprint. Pa\u00f1uelo de lino en color crudo . Estampado con la t\u00e9cnica de Ecoprint o estampaci\u00f3n bot\u00e1nica. Terminaci\u00f3n deshilachado. Tejido 100% lino natural Material vegetal: flores de bidens, cosmos y rudbeckia, procedentes de nuestro jard\u00edn. Medidas: 90 x 90 cm. Pieza unica. El proceso de ecoprint o estampaci\u00f3n bot\u00e1nica [&hellip;]<\/p>\n","protected":false},"featured_media":727,"template":"","meta":{"_seopress_robots_primary_cat":"","_seopress_titles_title":"","_seopress_titles_desc":"","_seopress_robots_index":""},"product_brand":[],"product_cat":[96,83],"product_tag":[],"class_list":{"0":"post-736","1":"product","2":"type-product","3":"status-publish","4":"has-post-thumbnail","6":"product_cat-panuelos-y-fulares-es","7":"product_cat-ecoprint-y-tintes-naturales","9":"first","10":"instock","11":"sold-individually","12":"taxable","13":"shipping-taxable","14":"purchasable","15":"product-type-simple"},"_links":{"self":[{"href":"https:\/\/kinonaart.com\/es\/wp-json\/wp\/v2\/product\/736","targetHints":{"allow":["GET"]}}],"collection":[{"href":"https:\/\/kinonaart.com\/es\/wp-json\/wp\/v2\/product"}],"about":[{"href":"https:\/\/kinonaart.com\/es\/wp-json\/wp\/v2\/types\/product"}],"wp:featuredmedia":[{"embeddable":true,"href":"https:\/\/kinonaart.com\/es\/wp-json\/wp\/v2\/media\/727"}],"wp:attachment":[{"href":"https:\/\/kinonaart.com\/es\/wp-json\/wp\/v2\/media?parent=736"}],"wp:term":[{"taxonomy":"product_brand","embeddable":true,"href":"https:\/\/kinonaart.com\/es\/wp-json\/wp\/v2\/product_brand?post=736"},{"taxonomy":"product_cat","embeddable":true,"href":"https:\/\/kinonaart.com\/es\/wp-json\/wp\/v2\/product_cat?post=736"},{"taxonomy":"product_tag","embeddable":true,"href":"https:\/\/kinonaart.com\/es\/wp-json\/wp\/v2\/product_tag?post=736"}],"curies":[{"name":"wp","href":"https:\/\/api.w.org\/{rel}","templated":true}]}}