{"id":717,"date":"2024-10-25T21:09:19","date_gmt":"2024-10-25T19:09:19","guid":{"rendered":"https:\/\/kinonaart.com\/producte\/mantel-individual-de-lino-arce\/"},"modified":"2025-09-13T19:32:53","modified_gmt":"2025-09-13T17:32:53","slug":"mantel-individual-de-lino-arce","status":"publish","type":"product","link":"https:\/\/kinonaart.com\/es\/producte\/mantel-individual-de-lino-arce\/","title":{"rendered":"Mantel individual de lino con estampado de ecoprint \/ Arce"},"content":{"rendered":"<p>Mantel individual de lino con estampado de ecoprint.<\/p>\n<p>Mantel individual y funda para cubiertos de color arena. Pieza \u00fanica.<\/p>\n<p>Estampada mediante Ecoprint (Estampaci\u00f3n bot\u00e0nica) con hojas de arce.<\/p>\n<p>Material: 100% lino<\/p>\n<p>Medidas:<\/p>\n<ul>\n<li>Individual: 35 x 45,5cm<\/li>\n<li>Funda cubiertos: 23,5 x 14cm<\/li>\n<\/ul>\n<p>Ver art\u00edculos relacionados <a href=\"https:\/\/kinonaart.com\/es\/producte\/mantel-individual-de-lino-roble\/\">aqui\u00a0<\/a><\/p>\n<p>El Ecoprint o Estampaci\u00f3n bot\u00e1nica es un proceso de estamapaci\u00f3n artesanal respetuoso con el medio ambiente en el que flores y hojas dejan su huella natural en los tejidos. De esta forma conseguimos piezas \u00fanicas, con formas org\u00e1nicas, de tejidos naturales. Un soplo de naturaleza para tu hogar. Decoraci\u00f3n natural.<\/p>\n<p>Consejos de lavado: Al ser piezas naturales se recomienda lavarlas a mano con un jab\u00f3n suave. Secar a la sombra.<\/p>\n<p>Pueden haber peque\u00f1as diferencias de color a causa de la iluminaci\u00f3n, c\u00e1mara etc.<\/p>\n<p>&nbsp;<\/p>\n","protected":false},"excerpt":{"rendered":"<p>Mantel individual de lino con estampado de ecoprint. Mantel individual y funda para cubiertos de color arena. Pieza \u00fanica. Estampada mediante Ecoprint (Estampaci\u00f3n bot\u00e0nica) con hojas de arce. Material: 100% lino Medidas: Individual: 35 x 45,5cm Funda cubiertos: 23,5 x 14cm Ver art\u00edculos relacionados aqui\u00a0 El Ecoprint o Estampaci\u00f3n bot\u00e1nica es un proceso de estamapaci\u00f3n [&hellip;]<\/p>\n","protected":false},"featured_media":703,"template":"","meta":{"_seopress_robots_primary_cat":"","_seopress_titles_title":"","_seopress_titles_desc":"","_seopress_robots_index":""},"product_brand":[],"product_cat":[94,83],"product_tag":[],"class_list":{"0":"post-717","1":"product","2":"type-product","3":"status-publish","4":"has-post-thumbnail","6":"product_cat-textiles-para-el-hogar-es","7":"product_cat-ecoprint-y-tintes-naturales","9":"first","10":"instock","11":"sold-individually","12":"taxable","13":"shipping-taxable","14":"purchasable","15":"product-type-simple"},"_links":{"self":[{"href":"https:\/\/kinonaart.com\/es\/wp-json\/wp\/v2\/product\/717","targetHints":{"allow":["GET"]}}],"collection":[{"href":"https:\/\/kinonaart.com\/es\/wp-json\/wp\/v2\/product"}],"about":[{"href":"https:\/\/kinonaart.com\/es\/wp-json\/wp\/v2\/types\/product"}],"wp:featuredmedia":[{"embeddable":true,"href":"https:\/\/kinonaart.com\/es\/wp-json\/wp\/v2\/media\/703"}],"wp:attachment":[{"href":"https:\/\/kinonaart.com\/es\/wp-json\/wp\/v2\/media?parent=717"}],"wp:term":[{"taxonomy":"product_brand","embeddable":true,"href":"https:\/\/kinonaart.com\/es\/wp-json\/wp\/v2\/product_brand?post=717"},{"taxonomy":"product_cat","embeddable":true,"href":"https:\/\/kinonaart.com\/es\/wp-json\/wp\/v2\/product_cat?post=717"},{"taxonomy":"product_tag","embeddable":true,"href":"https:\/\/kinonaart.com\/es\/wp-json\/wp\/v2\/product_tag?post=717"}],"curies":[{"name":"wp","href":"https:\/\/api.w.org\/{rel}","templated":true}]}}