{"id":711,"date":"2024-10-25T20:27:10","date_gmt":"2024-10-25T18:27:10","guid":{"rendered":"https:\/\/kinonaart.com\/producte\/mantel-individual-de-lino-castano-de-indias\/"},"modified":"2025-09-13T19:38:49","modified_gmt":"2025-09-13T17:38:49","slug":"mantel-individual-de-lino-castano-de-indias","status":"publish","type":"product","link":"https:\/\/kinonaart.com\/es\/producte\/mantel-individual-de-lino-castano-de-indias\/","title":{"rendered":"Mantel individual de lino \/ Casta\u00f1o de indias"},"content":{"rendered":"<p>Mantel individual de lino \/ casta\u00f1o y funda para cubiertos de color arena. Pieza \u00fanica.<\/p>\n<p>Estampada mediante Ecoprint (Estampaci\u00f3n bot\u00e1nica) con hojas de casta\u00f1o de indias.<\/p>\n<p>Material: 100% lino<\/p>\n<p>Medidas:<\/p>\n<ul>\n<li>Individual: 35 x 45,5cm<\/li>\n<li>Funda cubiertos: 23,5 x 14cm<\/li>\n<\/ul>\n<p>Ver productos relacionados <a href=\"https:\/\/kinonaart.com\/es\/tienda\/categoria\/tintes-naturales-ecoprint\/textiles-para-el-hogar-es\/\">aqui<\/a><\/p>\n<p>Los procesos de estampaci\u00f3n son artesanales y respetuosos con el medio ambiente.<\/p>\n<p>Consejos de lavado: Al ser piezas naturales se recomienda lavarlas a mano con un jab\u00f3n suave. Secar a la sombra.<\/p>\n<p style=\"text-align: left;\">Pueden haver peque\u00f1as diferencias de color a causa de la iluminaci\u00f3n, c\u00e1mara etc.<\/p>\n<p>&nbsp;<\/p>\n","protected":false},"excerpt":{"rendered":"<p>Mantel individual de lino \/ casta\u00f1o y funda para cubiertos de color arena. Pieza \u00fanica. Estampada mediante Ecoprint (Estampaci\u00f3n bot\u00e1nica) con hojas de casta\u00f1o de indias. Material: 100% lino Medidas: Individual: 35 x 45,5cm Funda cubiertos: 23,5 x 14cm Ver productos relacionados aqui Los procesos de estampaci\u00f3n son artesanales y respetuosos con el medio ambiente. [&hellip;]<\/p>\n","protected":false},"featured_media":701,"template":"","meta":{"_seopress_robots_primary_cat":"","_seopress_titles_title":"","_seopress_titles_desc":"","_seopress_robots_index":""},"product_brand":[],"product_cat":[94,83],"product_tag":[],"class_list":{"0":"post-711","1":"product","2":"type-product","3":"status-publish","4":"has-post-thumbnail","6":"product_cat-textiles-para-el-hogar-es","7":"product_cat-ecoprint-y-tintes-naturales","9":"first","10":"instock","11":"sold-individually","12":"taxable","13":"shipping-taxable","14":"purchasable","15":"product-type-simple"},"_links":{"self":[{"href":"https:\/\/kinonaart.com\/es\/wp-json\/wp\/v2\/product\/711","targetHints":{"allow":["GET"]}}],"collection":[{"href":"https:\/\/kinonaart.com\/es\/wp-json\/wp\/v2\/product"}],"about":[{"href":"https:\/\/kinonaart.com\/es\/wp-json\/wp\/v2\/types\/product"}],"wp:featuredmedia":[{"embeddable":true,"href":"https:\/\/kinonaart.com\/es\/wp-json\/wp\/v2\/media\/701"}],"wp:attachment":[{"href":"https:\/\/kinonaart.com\/es\/wp-json\/wp\/v2\/media?parent=711"}],"wp:term":[{"taxonomy":"product_brand","embeddable":true,"href":"https:\/\/kinonaart.com\/es\/wp-json\/wp\/v2\/product_brand?post=711"},{"taxonomy":"product_cat","embeddable":true,"href":"https:\/\/kinonaart.com\/es\/wp-json\/wp\/v2\/product_cat?post=711"},{"taxonomy":"product_tag","embeddable":true,"href":"https:\/\/kinonaart.com\/es\/wp-json\/wp\/v2\/product_tag?post=711"}],"curies":[{"name":"wp","href":"https:\/\/api.w.org\/{rel}","templated":true}]}}