{"id":689,"date":"2024-10-25T18:34:54","date_gmt":"2024-10-25T16:34:54","guid":{"rendered":"https:\/\/kinonaart.com\/producte\/herbario-colores-de-otono\/"},"modified":"2025-02-06T21:42:15","modified_gmt":"2025-02-06T19:42:15","slug":"herbario-colores-de-otono","status":"publish","type":"product","link":"https:\/\/kinonaart.com\/es\/producte\/herbario-colores-de-otono\/","title":{"rendered":"Herbario Colores de oto\u00f1o"},"content":{"rendered":"<p>Herbario Colores de oto\u00f1o.<\/p>\n<p>Cuadro o lamina botanica con diferentes tipos de hojas secas de arboles, prensadas con los colores del oto\u00f1o. Composici\u00f3n de estilo contempor\u00e1neo.<\/p>\n<p>Pieza \u00fanica.<\/p>\n<p>Dos opciones con \u00a0marco o sin marco. Escoge la opci\u00f3n m\u00e1s adecuada para ti.<\/p>\n<p>Prensado tradicional sin colorantes ni conservantes.<\/p>\n<p>Material botanico: hojas de gingko, arce y liquidambar.<\/p>\n<p>Soporte de color crema de 300g. Marco de madera de roble \u00a0y cristal, con certificado FSC.<\/p>\n<p><strong>Medida: <\/strong>32 x 42cm. Per colgar en horizontal y vertical.<\/p>\n<p>&nbsp;<\/p>\n<p><a href=\"http:\/\/instagram.com\/kinonaart\">Mira mi producto en Instagram !<\/a><\/p>\n<p>&nbsp;<\/p>\n<p>Una pieza \u00fanica para regalar o para decorar un espacio de tu casa o lugar de trabajo. Este cuadro aportara una nota de color a cualquier espacio, optando por una decoraci\u00f3n natural y \u00fanica que nos acerca a la naturaleza. Elaborado en nuestro taller con materiales naturales: el material vegetal, la madera de roble etc.<\/p>\n<p>Todo nuestro material vegetal esta prensado artesanalmente utilizando m\u00e9todos tradicionales sin colorantes ni aditivos. Producto natural.<\/p>\n<p>Las hojas de arboles prensadas provienen de nuestro jard\u00edn o entorno cercano.<\/p>\n<p>Con el paso del tiempo (mucho tiempo si se conserva bien la pieza), los colores pueden variar un poco. Es su \u00a0proceso natural!<\/p>\n<p><strong>Conservaci\u00f3n del herbario:<\/strong><\/p>\n<p>Al ser una pieza enmarcada y protegida por un cristal frontal no presenta ning\u00fan problema para su conservaci\u00f3n. Solo falta evitar la incidencia de la luz directa sobre el cuadro, ni colocarlo cerca de fuentes de calor como estufas o radiadores.<\/p>\n<p><strong>Las hojas del herbario:<\/strong><\/p>\n<p>Las hojas del ginkgo tienen un gran valor ornamental. Son muy elegantes y caracter\u00edsticas en forma de abanico. De color verde se vuelven de color amarillo dorado en oto\u00f1o. Para saber mas sobre este gran superviviente visita el post de<a href=\"http:\/\/instagram.com\/totplantesangels\"> @totplantesangels<\/a><\/p>\n<p>En nuesstra comarca son muy abundantes los arces silvestres. Muy apreciados por el color de sus hojas, en dos tonos de verde (reverso mas p\u00e1lido) que cundo llega el oto\u00f1o se vuelven de color amarillo intenso.<\/p>\n<p>Las hojas del liquidambar \u00a0presenta diferentes colores: amarillo, naranja, rojo, burdeos&#8230; Hojas grandes y muy bonitas.<\/p>\n<p>&nbsp;<\/p>\n<p>&nbsp;<\/p>\n<p>&nbsp;<\/p>\n<p>&nbsp;<\/p>\n<p>&nbsp;<\/p>\n<p>&nbsp;<\/p>\n<p>&nbsp;<\/p>\n<p>&nbsp;<\/p>\n","protected":false},"excerpt":{"rendered":"<p>Herbario Colores de oto\u00f1o. Cuadro o lamina botanica con diferentes tipos de hojas secas de arboles, prensadas con los colores del oto\u00f1o. Composici\u00f3n de estilo contempor\u00e1neo. Pieza \u00fanica. Dos opciones con \u00a0marco o sin marco. Escoge la opci\u00f3n m\u00e1s adecuada para ti. Prensado tradicional sin colorantes ni conservantes. Material botanico: hojas de gingko, arce y [&hellip;]<\/p>\n","protected":false},"featured_media":680,"template":"","meta":{"_seopress_robots_primary_cat":"none","_seopress_titles_title":"","_seopress_titles_desc":"","_seopress_robots_index":""},"product_brand":[],"product_cat":[53,81],"product_tag":[],"class_list":{"0":"post-689","1":"product","2":"type-product","3":"status-publish","4":"has-post-thumbnail","6":"product_cat-artesania-de-flores-prensadas","7":"product_cat-cuadros-y-laminas-botanicas-herbarios","9":"first","10":"instock","11":"sold-individually","12":"taxable","13":"shipping-taxable","14":"purchasable","15":"product-type-variable"},"_links":{"self":[{"href":"https:\/\/kinonaart.com\/es\/wp-json\/wp\/v2\/product\/689","targetHints":{"allow":["GET"]}}],"collection":[{"href":"https:\/\/kinonaart.com\/es\/wp-json\/wp\/v2\/product"}],"about":[{"href":"https:\/\/kinonaart.com\/es\/wp-json\/wp\/v2\/types\/product"}],"wp:featuredmedia":[{"embeddable":true,"href":"https:\/\/kinonaart.com\/es\/wp-json\/wp\/v2\/media\/680"}],"wp:attachment":[{"href":"https:\/\/kinonaart.com\/es\/wp-json\/wp\/v2\/media?parent=689"}],"wp:term":[{"taxonomy":"product_brand","embeddable":true,"href":"https:\/\/kinonaart.com\/es\/wp-json\/wp\/v2\/product_brand?post=689"},{"taxonomy":"product_cat","embeddable":true,"href":"https:\/\/kinonaart.com\/es\/wp-json\/wp\/v2\/product_cat?post=689"},{"taxonomy":"product_tag","embeddable":true,"href":"https:\/\/kinonaart.com\/es\/wp-json\/wp\/v2\/product_tag?post=689"}],"curies":[{"name":"wp","href":"https:\/\/api.w.org\/{rel}","templated":true}]}}