{"id":681,"date":"2024-10-25T17:52:50","date_gmt":"2024-10-25T15:52:50","guid":{"rendered":"https:\/\/kinonaart.com\/producte\/herbario-cosmos\/"},"modified":"2025-09-11T12:15:01","modified_gmt":"2025-09-11T10:15:01","slug":"herbario-cosmos","status":"publish","type":"product","link":"https:\/\/kinonaart.com\/es\/producte\/herbario-cosmos\/","title":{"rendered":"Herbario Cosmos"},"content":{"rendered":"<p>Composici\u00f3n bot\u00e0nica, cuadro de flores secas prensadas naturales. Flores y hojas de nuestro jard\u00edn. Prensado tradicional sin colorantes. Dos opciones con o sin marco.<\/p>\n<p>Flores: cosmos, hortensia, abelia, celos\u00eda, narcisos ,espuelas.<\/p>\n<p>Hojas: ginkgo, abelia, arce<\/p>\n<p>Soporte de color crema de 3oo g. Marc0 de madera de roble y cristal (con certificado FSC).<\/p>\n<p><strong>Medidas:<\/strong>: 42 x 32cm. Para colgar tanto horizontal como vertical.<\/p>\n<p>&nbsp;<\/p>\n<p style=\"text-align: left;\">Nota: debido a la iluminaci\u00f3n c\u00e1mara etc pueden haver peque\u00f1as diferencias de color.<\/p>\n<p>&nbsp;<\/p>\n","protected":false},"excerpt":{"rendered":"<p>Composici\u00f3n bot\u00e0nica, cuadro de flores secas prensadas naturales. Flores y hojas de nuestro jard\u00edn. Prensado tradicional sin colorantes. Dos opciones con o sin marco. Flores: cosmos, hortensia, abelia, celos\u00eda, narcisos ,espuelas. Hojas: ginkgo, abelia, arce Soporte de color crema de 3oo g. Marc0 de madera de roble y cristal (con certificado FSC). Medidas:: 42 x [&hellip;]<\/p>\n","protected":false},"featured_media":676,"template":"","meta":{"_seopress_robots_primary_cat":"none","_seopress_titles_title":"","_seopress_titles_desc":"","_seopress_robots_index":""},"product_brand":[],"product_cat":[53,81],"product_tag":[],"class_list":{"0":"post-681","1":"product","2":"type-product","3":"status-publish","4":"has-post-thumbnail","6":"product_cat-artesania-de-flores-prensadas","7":"product_cat-cuadros-y-laminas-botanicas-herbarios","9":"first","10":"outofstock","11":"sold-individually","12":"taxable","13":"shipping-taxable","14":"purchasable","15":"product-type-variable"},"_links":{"self":[{"href":"https:\/\/kinonaart.com\/es\/wp-json\/wp\/v2\/product\/681","targetHints":{"allow":["GET"]}}],"collection":[{"href":"https:\/\/kinonaart.com\/es\/wp-json\/wp\/v2\/product"}],"about":[{"href":"https:\/\/kinonaart.com\/es\/wp-json\/wp\/v2\/types\/product"}],"wp:featuredmedia":[{"embeddable":true,"href":"https:\/\/kinonaart.com\/es\/wp-json\/wp\/v2\/media\/676"}],"wp:attachment":[{"href":"https:\/\/kinonaart.com\/es\/wp-json\/wp\/v2\/media?parent=681"}],"wp:term":[{"taxonomy":"product_brand","embeddable":true,"href":"https:\/\/kinonaart.com\/es\/wp-json\/wp\/v2\/product_brand?post=681"},{"taxonomy":"product_cat","embeddable":true,"href":"https:\/\/kinonaart.com\/es\/wp-json\/wp\/v2\/product_cat?post=681"},{"taxonomy":"product_tag","embeddable":true,"href":"https:\/\/kinonaart.com\/es\/wp-json\/wp\/v2\/product_tag?post=681"}],"curies":[{"name":"wp","href":"https:\/\/api.w.org\/{rel}","templated":true}]}}