{"id":611,"date":"2024-10-22T11:26:16","date_gmt":"2024-10-22T09:26:16","guid":{"rendered":"https:\/\/kinonaart.com\/producte\/medallon-corazon-mini\/"},"modified":"2024-10-22T11:26:16","modified_gmt":"2024-10-22T09:26:16","slug":"medallon-corazon-mini","status":"publish","type":"product","link":"https:\/\/kinonaart.com\/es\/producte\/medallon-corazon-mini\/","title":{"rendered":"Medall\u00f3n coraz\u00f3n mini"},"content":{"rendered":"<p>Medall\u00f3n portafotos con forma de coraz\u00f3n y flores secas en su interior. Con cadena.<\/p>\n<p>Flores silvestres de nomeolvides. Medall\u00f3n de acero inoxidable.<\/p>\n<p style=\"text-align: left;\">Medidas: 1&#215;1 cm aprox. Cadena de 50 cm.<\/p>\n<p>Los medallones relicarios o locket, son un bonito detalle rom\u00e1ntico para tu colecci\u00f3n de bisuter\u00eda o para regalar a una persona especial.<\/p>\n<p style=\"text-align: left;\">Flores silvestres prensadas artesanalmente. Sin conservantes.<\/p>\n","protected":false},"excerpt":{"rendered":"<p>Medall\u00f3n portafotos con forma de coraz\u00f3n y flores secas en su interior. Con cadena. Flores silvestres de nomeolvides. Medall\u00f3n de acero inoxidable. Medidas: 1&#215;1 cm aprox. Cadena de 50 cm. Los medallones relicarios o locket, son un bonito detalle rom\u00e1ntico para tu colecci\u00f3n de bisuter\u00eda o para regalar a una persona especial. Flores silvestres prensadas [&hellip;]<\/p>\n","protected":false},"featured_media":607,"template":"","meta":{"_seopress_robots_primary_cat":"","_seopress_titles_title":"","_seopress_titles_desc":"","_seopress_robots_index":""},"product_brand":[],"product_cat":[88],"product_tag":[],"class_list":{"0":"post-611","1":"product","2":"type-product","3":"status-publish","4":"has-post-thumbnail","6":"product_cat-medallones-con-flores-secas","8":"first","9":"instock","10":"sold-individually","11":"taxable","12":"shipping-taxable","13":"purchasable","14":"product-type-simple"},"_links":{"self":[{"href":"https:\/\/kinonaart.com\/es\/wp-json\/wp\/v2\/product\/611","targetHints":{"allow":["GET"]}}],"collection":[{"href":"https:\/\/kinonaart.com\/es\/wp-json\/wp\/v2\/product"}],"about":[{"href":"https:\/\/kinonaart.com\/es\/wp-json\/wp\/v2\/types\/product"}],"wp:featuredmedia":[{"embeddable":true,"href":"https:\/\/kinonaart.com\/es\/wp-json\/wp\/v2\/media\/607"}],"wp:attachment":[{"href":"https:\/\/kinonaart.com\/es\/wp-json\/wp\/v2\/media?parent=611"}],"wp:term":[{"taxonomy":"product_brand","embeddable":true,"href":"https:\/\/kinonaart.com\/es\/wp-json\/wp\/v2\/product_brand?post=611"},{"taxonomy":"product_cat","embeddable":true,"href":"https:\/\/kinonaart.com\/es\/wp-json\/wp\/v2\/product_cat?post=611"},{"taxonomy":"product_tag","embeddable":true,"href":"https:\/\/kinonaart.com\/es\/wp-json\/wp\/v2\/product_tag?post=611"}],"curies":[{"name":"wp","href":"https:\/\/api.w.org\/{rel}","templated":true}]}}