{"id":608,"date":"2024-10-22T11:10:20","date_gmt":"2024-10-22T09:10:20","guid":{"rendered":"https:\/\/kinonaart.com\/producte\/medallon-corazon-plateado\/"},"modified":"2024-10-22T11:10:20","modified_gmt":"2024-10-22T09:10:20","slug":"medallon-corazon-plateado","status":"publish","type":"product","link":"https:\/\/kinonaart.com\/es\/producte\/medallon-corazon-plateado\/","title":{"rendered":"Medall\u00f3n coraz\u00f3n plateado"},"content":{"rendered":"<p>Medall\u00f3n relicario portafotos con forma de coraz\u00f3n y flores secas en su interior. Con cadena.<\/p>\n<p style=\"text-align: left;\">Flores silvestres de Daucus carota. Medall\u00f3n de acero inoxidable.<\/p>\n<p>Medidas: 3&#215;2,5 cm aprox. Cadena de 50 cm.<\/p>\n<p>Los medallones relicarios o locket, son un bonito detalle rom\u00e1ntico para formar parte de tu colecci\u00f3n de bisuter\u00eda o para regalar a una persona especial.<\/p>\n<p style=\"text-align: left;\">Flores silvestres de nuestro jard\u00edn prensadas artesanalmente, sin colorantes.<\/p>\n","protected":false},"excerpt":{"rendered":"<p>Medall\u00f3n relicario portafotos con forma de coraz\u00f3n y flores secas en su interior. Con cadena. Flores silvestres de Daucus carota. Medall\u00f3n de acero inoxidable. Medidas: 3&#215;2,5 cm aprox. Cadena de 50 cm. Los medallones relicarios o locket, son un bonito detalle rom\u00e1ntico para formar parte de tu colecci\u00f3n de bisuter\u00eda o para regalar a una [&hellip;]<\/p>\n","protected":false},"featured_media":601,"template":"","meta":{"_seopress_robots_primary_cat":"","_seopress_titles_title":"","_seopress_titles_desc":"","_seopress_robots_index":""},"product_brand":[],"product_cat":[88],"product_tag":[],"class_list":{"0":"post-608","1":"product","2":"type-product","3":"status-publish","4":"has-post-thumbnail","6":"product_cat-medallones-con-flores-secas","8":"first","9":"instock","10":"sold-individually","11":"taxable","12":"shipping-taxable","13":"purchasable","14":"product-type-simple"},"_links":{"self":[{"href":"https:\/\/kinonaart.com\/es\/wp-json\/wp\/v2\/product\/608","targetHints":{"allow":["GET"]}}],"collection":[{"href":"https:\/\/kinonaart.com\/es\/wp-json\/wp\/v2\/product"}],"about":[{"href":"https:\/\/kinonaart.com\/es\/wp-json\/wp\/v2\/types\/product"}],"wp:featuredmedia":[{"embeddable":true,"href":"https:\/\/kinonaart.com\/es\/wp-json\/wp\/v2\/media\/601"}],"wp:attachment":[{"href":"https:\/\/kinonaart.com\/es\/wp-json\/wp\/v2\/media?parent=608"}],"wp:term":[{"taxonomy":"product_brand","embeddable":true,"href":"https:\/\/kinonaart.com\/es\/wp-json\/wp\/v2\/product_brand?post=608"},{"taxonomy":"product_cat","embeddable":true,"href":"https:\/\/kinonaart.com\/es\/wp-json\/wp\/v2\/product_cat?post=608"},{"taxonomy":"product_tag","embeddable":true,"href":"https:\/\/kinonaart.com\/es\/wp-json\/wp\/v2\/product_tag?post=608"}],"curies":[{"name":"wp","href":"https:\/\/api.w.org\/{rel}","templated":true}]}}