{"id":596,"date":"2024-10-22T10:50:50","date_gmt":"2024-10-22T08:50:50","guid":{"rendered":"https:\/\/kinonaart.com\/producte\/medallon-corazon-dorado\/"},"modified":"2024-10-22T10:50:50","modified_gmt":"2024-10-22T08:50:50","slug":"medallon-corazon-dorado","status":"publish","type":"product","link":"https:\/\/kinonaart.com\/es\/producte\/medallon-corazon-dorado\/","title":{"rendered":"Medall\u00f3n coraz\u00f3n dorado"},"content":{"rendered":"<p>Medall\u00f3n relicario portafotos en forma de coraz\u00f3n , con flores secas prensadas en su interior. Con cadena.<\/p>\n<p>Flores de aster silvestres. Medall\u00f3n de acero inoxidable.<\/p>\n<p>Medidas: 3x3cm aprox. Cadena de 50cm.<\/p>\n<p>Los medallones relicarios o locket, son un bonito detalle rom\u00e1ntico para formar parte de tu colecci\u00f3n de bisuter\u00eda o para regalar a una persona especial.<\/p>\n<p>Flores silvestres prensadas artesanalmente sin colorantes.<\/p>\n","protected":false},"excerpt":{"rendered":"<p>Medall\u00f3n relicario portafotos en forma de coraz\u00f3n , con flores secas prensadas en su interior. Con cadena. Flores de aster silvestres. Medall\u00f3n de acero inoxidable. Medidas: 3x3cm aprox. Cadena de 50cm. Los medallones relicarios o locket, son un bonito detalle rom\u00e1ntico para formar parte de tu colecci\u00f3n de bisuter\u00eda o para regalar a una persona [&hellip;]<\/p>\n","protected":false},"featured_media":594,"template":"","meta":{"_seopress_robots_primary_cat":"","_seopress_titles_title":"","_seopress_titles_desc":"","_seopress_robots_index":""},"product_brand":[],"product_cat":[88],"product_tag":[],"class_list":{"0":"post-596","1":"product","2":"type-product","3":"status-publish","4":"has-post-thumbnail","6":"product_cat-medallones-con-flores-secas","8":"first","9":"instock","10":"sold-individually","11":"taxable","12":"shipping-taxable","13":"purchasable","14":"product-type-simple"},"_links":{"self":[{"href":"https:\/\/kinonaart.com\/es\/wp-json\/wp\/v2\/product\/596","targetHints":{"allow":["GET"]}}],"collection":[{"href":"https:\/\/kinonaart.com\/es\/wp-json\/wp\/v2\/product"}],"about":[{"href":"https:\/\/kinonaart.com\/es\/wp-json\/wp\/v2\/types\/product"}],"wp:featuredmedia":[{"embeddable":true,"href":"https:\/\/kinonaart.com\/es\/wp-json\/wp\/v2\/media\/594"}],"wp:attachment":[{"href":"https:\/\/kinonaart.com\/es\/wp-json\/wp\/v2\/media?parent=596"}],"wp:term":[{"taxonomy":"product_brand","embeddable":true,"href":"https:\/\/kinonaart.com\/es\/wp-json\/wp\/v2\/product_brand?post=596"},{"taxonomy":"product_cat","embeddable":true,"href":"https:\/\/kinonaart.com\/es\/wp-json\/wp\/v2\/product_cat?post=596"},{"taxonomy":"product_tag","embeddable":true,"href":"https:\/\/kinonaart.com\/es\/wp-json\/wp\/v2\/product_tag?post=596"}],"curies":[{"name":"wp","href":"https:\/\/api.w.org\/{rel}","templated":true}]}}