{"id":585,"date":"2024-10-22T10:09:44","date_gmt":"2024-10-22T08:09:44","guid":{"rendered":"https:\/\/kinonaart.com\/producte\/hierbas-para-sahumar\/"},"modified":"2025-04-12T09:33:08","modified_gmt":"2025-04-12T07:33:08","slug":"hierbas-para-sahumar","status":"publish","type":"product","link":"https:\/\/kinonaart.com\/es\/producte\/hierbas-para-sahumar\/","title":{"rendered":"Hierbas para sahumar"},"content":{"rendered":"<p>Mezcla de plantas arom\u00e1ticas y p\u00e9talos de flores para sahumar. Solo contiene hojas y p\u00e9talos, sin troncos. Incluye 5 carboncillos.<\/p>\n<p>Plantas de cultivo propio ecologico.<\/p>\n<p>Envase de vidrio reutilizable, 30g<\/p>\n<p style=\"text-align: left;\"><strong>Consejos de uso:<\/strong> Encender el carboncillo con una vela. Colocar en un recipiente resistente al calor (atenci\u00f3n quema), una vez encendido tirar una pizca de hierbas. Va muy bien ir retirando las hierbas quemadas con la ayuda de una cuchara o similar antes de agregar las nuevas.<\/p>\n","protected":false},"excerpt":{"rendered":"<p>Mezcla de plantas arom\u00e1ticas y p\u00e9talos de flores para sahumar. Solo contiene hojas y p\u00e9talos, sin troncos. Incluye 5 carboncillos. Plantas de cultivo propio ecologico. Envase de vidrio reutilizable, 30g Consejos de uso: Encender el carboncillo con una vela. Colocar en un recipiente resistente al calor (atenci\u00f3n quema), una vez encendido tirar una pizca de [&hellip;]<\/p>\n","protected":false},"featured_media":582,"template":"","meta":{"_seopress_robots_primary_cat":"","_seopress_titles_title":"","_seopress_titles_desc":"","_seopress_robots_index":""},"product_brand":[],"product_cat":[48],"product_tag":[],"class_list":{"0":"post-585","1":"product","2":"type-product","3":"status-publish","4":"has-post-thumbnail","6":"product_cat-sahumerios-es-2","8":"first","9":"instock","10":"taxable","11":"shipping-taxable","12":"purchasable","13":"product-type-simple"},"_links":{"self":[{"href":"https:\/\/kinonaart.com\/es\/wp-json\/wp\/v2\/product\/585","targetHints":{"allow":["GET"]}}],"collection":[{"href":"https:\/\/kinonaart.com\/es\/wp-json\/wp\/v2\/product"}],"about":[{"href":"https:\/\/kinonaart.com\/es\/wp-json\/wp\/v2\/types\/product"}],"wp:featuredmedia":[{"embeddable":true,"href":"https:\/\/kinonaart.com\/es\/wp-json\/wp\/v2\/media\/582"}],"wp:attachment":[{"href":"https:\/\/kinonaart.com\/es\/wp-json\/wp\/v2\/media?parent=585"}],"wp:term":[{"taxonomy":"product_brand","embeddable":true,"href":"https:\/\/kinonaart.com\/es\/wp-json\/wp\/v2\/product_brand?post=585"},{"taxonomy":"product_cat","embeddable":true,"href":"https:\/\/kinonaart.com\/es\/wp-json\/wp\/v2\/product_cat?post=585"},{"taxonomy":"product_tag","embeddable":true,"href":"https:\/\/kinonaart.com\/es\/wp-json\/wp\/v2\/product_tag?post=585"}],"curies":[{"name":"wp","href":"https:\/\/api.w.org\/{rel}","templated":true}]}}