{"id":520,"date":"2024-10-18T22:28:43","date_gmt":"2024-10-18T20:28:43","guid":{"rendered":"https:\/\/kinonaart.com\/producte\/medallon-ovalado\/"},"modified":"2024-10-22T10:33:13","modified_gmt":"2024-10-22T08:33:13","slug":"medallon-ovalado","status":"publish","type":"product","link":"https:\/\/kinonaart.com\/es\/producte\/medallon-ovalado\/","title":{"rendered":"Medall\u00f3n ovalado"},"content":{"rendered":"<p>Medall\u00f3n portafotos de forma ovalada, con flores secas en su interior. Con cadena.<\/p>\n<p>Dos opciones de color y plantas diferentes. El medall\u00f3n de color dorado contiene diminutas flores de celosia. El de color plateado capullos de jeringuilla.<\/p>\n<p>Medall\u00f3n de acero inoxidable.<\/p>\n<p>Medidas: 3x2cm aprox, cadena de 50cm<\/p>\n<p>Los medallones relicarios o locket, son un bonito detalle rom\u00e1ntico para formar parte de tu colecci\u00f3n de bisuter\u00eda o para regalar a aquella persona especial.<\/p>\n<p>Elaborados con flores de nuestro jard\u00edn prensadas artesanalmente, sin colorantes ni aditivos.<\/p>\n","protected":false},"excerpt":{"rendered":"<p>Medall\u00f3n portafotos de forma ovalada, con flores secas en su interior. Con cadena. Dos opciones de color y plantas diferentes. El medall\u00f3n de color dorado contiene diminutas flores de celosia. El de color plateado capullos de jeringuilla. Medall\u00f3n de acero inoxidable. Medidas: 3x2cm aprox, cadena de 50cm Los medallones relicarios o locket, son un bonito [&hellip;]<\/p>\n","protected":false},"featured_media":564,"template":"","meta":{"_seopress_robots_primary_cat":"","_seopress_titles_title":"","_seopress_titles_desc":"","_seopress_robots_index":""},"product_brand":[],"product_cat":[88],"product_tag":[],"class_list":{"0":"post-520","1":"product","2":"type-product","3":"status-publish","4":"has-post-thumbnail","6":"product_cat-medallones-con-flores-secas","8":"first","9":"instock","10":"taxable","11":"shipping-taxable","12":"purchasable","13":"product-type-variable"},"_links":{"self":[{"href":"https:\/\/kinonaart.com\/es\/wp-json\/wp\/v2\/product\/520","targetHints":{"allow":["GET"]}}],"collection":[{"href":"https:\/\/kinonaart.com\/es\/wp-json\/wp\/v2\/product"}],"about":[{"href":"https:\/\/kinonaart.com\/es\/wp-json\/wp\/v2\/types\/product"}],"wp:featuredmedia":[{"embeddable":true,"href":"https:\/\/kinonaart.com\/es\/wp-json\/wp\/v2\/media\/564"}],"wp:attachment":[{"href":"https:\/\/kinonaart.com\/es\/wp-json\/wp\/v2\/media?parent=520"}],"wp:term":[{"taxonomy":"product_brand","embeddable":true,"href":"https:\/\/kinonaart.com\/es\/wp-json\/wp\/v2\/product_brand?post=520"},{"taxonomy":"product_cat","embeddable":true,"href":"https:\/\/kinonaart.com\/es\/wp-json\/wp\/v2\/product_cat?post=520"},{"taxonomy":"product_tag","embeddable":true,"href":"https:\/\/kinonaart.com\/es\/wp-json\/wp\/v2\/product_tag?post=520"}],"curies":[{"name":"wp","href":"https:\/\/api.w.org\/{rel}","templated":true}]}}