{"id":454,"date":"2024-10-18T18:57:35","date_gmt":"2024-10-18T16:57:35","guid":{"rendered":"https:\/\/kinonaart.com\/producte\/herbario-vintage-azul\/"},"modified":"2025-09-13T12:09:49","modified_gmt":"2025-09-13T10:09:49","slug":"herbario-vintage-azul","status":"publish","type":"product","link":"https:\/\/kinonaart.com\/es\/producte\/herbario-vintage-azul\/","title":{"rendered":"Herbario Vintage azul"},"content":{"rendered":"<p>Composici\u00f3n bot\u00e1nica con marco antiguo recuperado.<\/p>\n<p>Flores de nuestro jard\u00edn y flores silvestres: dalias, celinda, zanahoria silvestre&#8230;<\/p>\n<p>Soporte de papel org\u00e1nico de aguacate, color verde claro.<\/p>\n<p>Marco recuperado de madera con relieves, de color azul, con cristal.<\/p>\n<p>Medidas: 35&#215;25<\/p>\n<p>Detalles para regalar o decorar espacios de tu casa con elementos naturales.<\/p>\n<p>Una de mis aficiones es visitar mercadillos y tiendas de antig\u00fcedades. Todos los marcos de la colecci\u00f3n vintage son de segunda mano y pueden presentar peque\u00f1as imperfecciones. Piezas elaboradas con materiales nobles como la madera, el lat\u00f3n, cristal, etc. Detalles para disfrutar y regalar, con el encanto de tiempos pasados.<\/p>\n<p>&nbsp;<\/p>\n<p>Nota: debido a la iluminaci\u00f3n, c\u00e1mara, etc. pueden haber peque\u00f1as diferencias de color.<\/p>\n<p>&nbsp;<\/p>\n","protected":false},"excerpt":{"rendered":"<p>Composici\u00f3n bot\u00e1nica con marco antiguo recuperado. Flores de nuestro jard\u00edn y flores silvestres: dalias, celinda, zanahoria silvestre&#8230; Soporte de papel org\u00e1nico de aguacate, color verde claro. Marco recuperado de madera con relieves, de color azul, con cristal. Medidas: 35&#215;25 Detalles para regalar o decorar espacios de tu casa con elementos naturales. Una de mis aficiones [&hellip;]<\/p>\n","protected":false},"featured_media":621,"template":"","meta":{"_seopress_robots_primary_cat":"","_seopress_titles_title":"","_seopress_titles_desc":"","_seopress_robots_index":""},"product_brand":[],"product_cat":[81],"product_tag":[],"class_list":{"0":"post-454","1":"product","2":"type-product","3":"status-publish","4":"has-post-thumbnail","6":"product_cat-cuadros-y-laminas-botanicas-herbarios","8":"first","9":"instock","10":"sold-individually","11":"taxable","12":"shipping-taxable","13":"purchasable","14":"product-type-simple"},"_links":{"self":[{"href":"https:\/\/kinonaart.com\/es\/wp-json\/wp\/v2\/product\/454","targetHints":{"allow":["GET"]}}],"collection":[{"href":"https:\/\/kinonaart.com\/es\/wp-json\/wp\/v2\/product"}],"about":[{"href":"https:\/\/kinonaart.com\/es\/wp-json\/wp\/v2\/types\/product"}],"wp:featuredmedia":[{"embeddable":true,"href":"https:\/\/kinonaart.com\/es\/wp-json\/wp\/v2\/media\/621"}],"wp:attachment":[{"href":"https:\/\/kinonaart.com\/es\/wp-json\/wp\/v2\/media?parent=454"}],"wp:term":[{"taxonomy":"product_brand","embeddable":true,"href":"https:\/\/kinonaart.com\/es\/wp-json\/wp\/v2\/product_brand?post=454"},{"taxonomy":"product_cat","embeddable":true,"href":"https:\/\/kinonaart.com\/es\/wp-json\/wp\/v2\/product_cat?post=454"},{"taxonomy":"product_tag","embeddable":true,"href":"https:\/\/kinonaart.com\/es\/wp-json\/wp\/v2\/product_tag?post=454"}],"curies":[{"name":"wp","href":"https:\/\/api.w.org\/{rel}","templated":true}]}}