{"id":394,"date":"2024-10-17T19:52:35","date_gmt":"2024-10-17T17:52:35","guid":{"rendered":"https:\/\/kinonaart.com\/producte\/herbario-ginkgo\/"},"modified":"2024-10-25T18:55:21","modified_gmt":"2024-10-25T16:55:21","slug":"herbario-ginkgo","status":"publish","type":"product","link":"https:\/\/kinonaart.com\/es\/producte\/herbario-ginkgo\/","title":{"rendered":"Herbario Ginkgo"},"content":{"rendered":"<p>El Ginkgo Biloba es el \u00e1rbol m\u00e1s antiguo del mundo. Des del Jur\u00e1sico ha llegado hasta nosotros. Es un gran superviviente, cada ejemplar puede vivir m\u00e1s de mil a\u00f1os. Tiene un gran valor ornamental a causa de la forma de sus hojas en forma de abanico. Hojas de color verde que \u00a0es vuelven doradas en oto\u00f1o.<\/p>\n<p>Dos opciones: con o sin marco.<\/p>\n<p>Herbario, collage de hojas secas y prensadas de ginkgo.<\/p>\n<p>Soporte de cartolina negra de 180g. Marco opcional, de madera de roble con certificado FSC, con cristal. Articulo \u00fanico.<\/p>\n<p><strong>Medidas:\u00a0<\/strong>42 x 32 cm. Para colgar en horizontal o vertical.<\/p>\n<p>&nbsp;<\/p>\n<p>Nota: a causa de la iluminaci\u00f3n, c\u00e1mara, etc. pueden haber peque\u00f1as diferencias de color.<\/p>\n<p>&nbsp;<\/p>\n<p>&nbsp;<\/p>\n","protected":false},"excerpt":{"rendered":"<p>El Ginkgo Biloba es el \u00e1rbol m\u00e1s antiguo del mundo. Des del Jur\u00e1sico ha llegado hasta nosotros. Es un gran superviviente, cada ejemplar puede vivir m\u00e1s de mil a\u00f1os. Tiene un gran valor ornamental a causa de la forma de sus hojas en forma de abanico. Hojas de color verde que \u00a0es vuelven doradas en [&hellip;]<\/p>\n","protected":false},"featured_media":629,"template":"","meta":{"_seopress_robots_primary_cat":"","_seopress_titles_title":"","_seopress_titles_desc":"","_seopress_robots_index":""},"product_brand":[],"product_cat":[53,81],"product_tag":[],"class_list":{"0":"post-394","1":"product","2":"type-product","3":"status-publish","4":"has-post-thumbnail","6":"product_cat-artesania-de-flores-prensadas","7":"product_cat-cuadros-y-laminas-botanicas-herbarios","9":"first","10":"instock","11":"sold-individually","12":"taxable","13":"shipping-taxable","14":"purchasable","15":"product-type-variable"},"_links":{"self":[{"href":"https:\/\/kinonaart.com\/es\/wp-json\/wp\/v2\/product\/394","targetHints":{"allow":["GET"]}}],"collection":[{"href":"https:\/\/kinonaart.com\/es\/wp-json\/wp\/v2\/product"}],"about":[{"href":"https:\/\/kinonaart.com\/es\/wp-json\/wp\/v2\/types\/product"}],"wp:featuredmedia":[{"embeddable":true,"href":"https:\/\/kinonaart.com\/es\/wp-json\/wp\/v2\/media\/629"}],"wp:attachment":[{"href":"https:\/\/kinonaart.com\/es\/wp-json\/wp\/v2\/media?parent=394"}],"wp:term":[{"taxonomy":"product_brand","embeddable":true,"href":"https:\/\/kinonaart.com\/es\/wp-json\/wp\/v2\/product_brand?post=394"},{"taxonomy":"product_cat","embeddable":true,"href":"https:\/\/kinonaart.com\/es\/wp-json\/wp\/v2\/product_cat?post=394"},{"taxonomy":"product_tag","embeddable":true,"href":"https:\/\/kinonaart.com\/es\/wp-json\/wp\/v2\/product_tag?post=394"}],"curies":[{"name":"wp","href":"https:\/\/api.w.org\/{rel}","templated":true}]}}