{"id":313,"date":"2024-10-10T12:27:31","date_gmt":"2024-10-10T10:27:31","guid":{"rendered":"https:\/\/kinonaart.com\/producte\/308\/"},"modified":"2025-09-13T19:06:43","modified_gmt":"2025-09-13T17:06:43","slug":"308","status":"publish","type":"product","link":"https:\/\/kinonaart.com\/es\/producte\/308\/","title":{"rendered":"Camino de mesa con estampado de ecoprint \/ Hojas de eucalipto."},"content":{"rendered":"<p>Camino de mesa con estampado de ecoprint\/ Hojas de eucalipto.<\/p>\n<p>Camino de mesa de lino y algod\u00f3n org\u00e1nico, \u00a050% de cada material. Loneta de color natural, crudo.<\/p>\n<p>Tambi\u00e9n se pude utilizar como tapiz para una decoraci\u00f3n mural.<\/p>\n<p>Estampado con hojas de diferentes tipos de eucalipto mediante la t\u00e9cnica de ecoprint. Terminaciones deshilachado.<\/p>\n<p>Medidas: 135 x 47cm<\/p>\n<p>Ver art\u00edculos relacionados <a href=\"https:\/\/kinonaart.com\/es\/producte\/cami-de-taula-fulles-castanyer-acacia-i-flors-de-cosmos\/\">aqu\u00ed<\/a><\/p>\n<p>El Ecoprint es un proceso de estampaci\u00f3n artesanal respetuoso con el medio ambiente, en el que flores y hojas dejan su huella natural en los tejidos. De esta forma conseguimos piezas \u00fanicas, con formas org\u00e1nicas, de tejidos naturales. Una oleada de naturaleza para tu hogar. Para una decoraci\u00f3n natural.<\/p>\n<p>Algod\u00f3n e hilo nacionales tejidos en Catalunya.<\/p>\n<p>Consejos de lavado: Al ser piezas de tejidos naturales se recomienda lavarlas a mano con agua fr\u00eda y un jab\u00f3n suave. Secar a la sombra.<\/p>\n<p>&nbsp;<\/p>\n<p>Pueden existir peque\u00f1as diferencias de color a causa de la iluminaci\u00f3n, tipo de c\u00e1mara etc.<\/p>\n","protected":false},"excerpt":{"rendered":"<p><br data-mce-bogus=\"1\"><\/p>\n","protected":false},"featured_media":781,"template":"","meta":{"_seopress_robots_primary_cat":"none","_seopress_titles_title":"","_seopress_titles_desc":"","_seopress_robots_index":""},"product_brand":[],"product_cat":[94,83],"product_tag":[],"class_list":{"0":"post-313","1":"product","2":"type-product","3":"status-publish","4":"has-post-thumbnail","6":"product_cat-textiles-para-el-hogar-es","7":"product_cat-ecoprint-y-tintes-naturales","9":"first","10":"instock","11":"sold-individually","12":"taxable","13":"shipping-taxable","14":"purchasable","15":"product-type-simple"},"_links":{"self":[{"href":"https:\/\/kinonaart.com\/es\/wp-json\/wp\/v2\/product\/313","targetHints":{"allow":["GET"]}}],"collection":[{"href":"https:\/\/kinonaart.com\/es\/wp-json\/wp\/v2\/product"}],"about":[{"href":"https:\/\/kinonaart.com\/es\/wp-json\/wp\/v2\/types\/product"}],"wp:featuredmedia":[{"embeddable":true,"href":"https:\/\/kinonaart.com\/es\/wp-json\/wp\/v2\/media\/781"}],"wp:attachment":[{"href":"https:\/\/kinonaart.com\/es\/wp-json\/wp\/v2\/media?parent=313"}],"wp:term":[{"taxonomy":"product_brand","embeddable":true,"href":"https:\/\/kinonaart.com\/es\/wp-json\/wp\/v2\/product_brand?post=313"},{"taxonomy":"product_cat","embeddable":true,"href":"https:\/\/kinonaart.com\/es\/wp-json\/wp\/v2\/product_cat?post=313"},{"taxonomy":"product_tag","embeddable":true,"href":"https:\/\/kinonaart.com\/es\/wp-json\/wp\/v2\/product_tag?post=313"}],"curies":[{"name":"wp","href":"https:\/\/api.w.org\/{rel}","templated":true}]}}