{"id":305,"date":"2024-10-10T12:16:56","date_gmt":"2024-10-10T10:16:56","guid":{"rendered":"https:\/\/kinonaart.com\/producte\/cami-de-taula-fulles-castanyer-acacia-i-flors-de-cosmos\/"},"modified":"2025-09-13T19:00:08","modified_gmt":"2025-09-13T17:00:08","slug":"cami-de-taula-fulles-castanyer-acacia-i-flors-de-cosmos","status":"publish","type":"product","link":"https:\/\/kinonaart.com\/es\/producte\/cami-de-taula-fulles-castanyer-acacia-i-flors-de-cosmos\/","title":{"rendered":"Camino de mesa con estampado de ecoprint \/ Hojas de casta\u00f1o"},"content":{"rendered":"<p>Camino de mesa con estampado de ecoprint \/ Hojas de casta\u00f1o.<\/p>\n<p>Camino de mesa de lino y algod\u00f3n \u00a0org\u00e1nico 50% de cada material. Loneta de color natural, crudo.<\/p>\n<p>Estampado con hojas de casta\u00f1o de indias, hojas de acacia y flores de cosmos de nuestro jard\u00edn, con la t\u00e9cnica de ecoprint. Terminaciones deshilachadas.<\/p>\n<p>Tambi\u00e9n se puede utilizar como decoraci\u00f3n mural.<\/p>\n<p>Medidas: 135 x 47 cm<\/p>\n<p>Ver productos relacionados <a href=\"https:\/\/kinonaart.com\/es\/producte\/308\/\">aqu\u00ed<\/a><\/p>\n<p>El Ecoprint es un proceso de estampaci\u00f3n artesanal respetuoso con el medio ambiente, en el que flores y hojas dejan su huella natural en los tejidos. De esta forma conseguimos piezas \u00fanicas, con formas org\u00e1nicas, de tejidos naturales. Un soplo de naturaleza para tu hogar. Para una decoraci\u00f3n natural.<\/p>\n<p>Algod\u00f3n e hilo nacionales tejidos en Catalunya.<\/p>\n<p>Consejos de lavado: Al ser piezas de tejidos naturales se recomienda lavarlas a mano con agua fr\u00eda y un jab\u00f3n suave.<\/p>\n<p>Pueden existir peque\u00f1as diferencias de color a causa de l iluminaci\u00f3n, tipo de c\u00e1mara etc.<\/p>\n","protected":false},"excerpt":{"rendered":"<p>Camino de mesa con estampado de ecoprint \/ Hojas de casta\u00f1o. Camino de mesa de lino y algod\u00f3n \u00a0org\u00e1nico 50% de cada material. Loneta de color natural, crudo. Estampado con hojas de casta\u00f1o de indias, hojas de acacia y flores de cosmos de nuestro jard\u00edn, con la t\u00e9cnica de ecoprint. Terminaciones deshilachadas. Tambi\u00e9n se puede [&hellip;]<\/p>\n","protected":false},"featured_media":779,"template":"","meta":{"_seopress_robots_primary_cat":"none","_seopress_titles_title":"","_seopress_titles_desc":"","_seopress_robots_index":""},"product_brand":[],"product_cat":[94,83],"product_tag":[],"class_list":{"0":"post-305","1":"product","2":"type-product","3":"status-publish","4":"has-post-thumbnail","6":"product_cat-textiles-para-el-hogar-es","7":"product_cat-ecoprint-y-tintes-naturales","9":"first","10":"instock","11":"sold-individually","12":"taxable","13":"shipping-taxable","14":"purchasable","15":"product-type-simple"},"_links":{"self":[{"href":"https:\/\/kinonaart.com\/es\/wp-json\/wp\/v2\/product\/305","targetHints":{"allow":["GET"]}}],"collection":[{"href":"https:\/\/kinonaart.com\/es\/wp-json\/wp\/v2\/product"}],"about":[{"href":"https:\/\/kinonaart.com\/es\/wp-json\/wp\/v2\/types\/product"}],"wp:featuredmedia":[{"embeddable":true,"href":"https:\/\/kinonaart.com\/es\/wp-json\/wp\/v2\/media\/779"}],"wp:attachment":[{"href":"https:\/\/kinonaart.com\/es\/wp-json\/wp\/v2\/media?parent=305"}],"wp:term":[{"taxonomy":"product_brand","embeddable":true,"href":"https:\/\/kinonaart.com\/es\/wp-json\/wp\/v2\/product_brand?post=305"},{"taxonomy":"product_cat","embeddable":true,"href":"https:\/\/kinonaart.com\/es\/wp-json\/wp\/v2\/product_cat?post=305"},{"taxonomy":"product_tag","embeddable":true,"href":"https:\/\/kinonaart.com\/es\/wp-json\/wp\/v2\/product_tag?post=305"}],"curies":[{"name":"wp","href":"https:\/\/api.w.org\/{rel}","templated":true}]}}