{"id":258,"date":"2024-07-09T12:17:19","date_gmt":"2024-07-09T10:17:19","guid":{"rendered":"https:\/\/kinonaart.com\/producte\/hidrolato-de-salvia\/"},"modified":"2025-09-05T21:20:34","modified_gmt":"2025-09-05T19:20:34","slug":"hidrolato-de-salvia","status":"publish","type":"product","link":"https:\/\/kinonaart.com\/es\/producte\/hidrolato-de-salvia\/","title":{"rendered":"Hidrolato de s\u00e0lvia"},"content":{"rendered":"<p><strong>Hidrolato de salvia<\/strong><\/p>\n<p>Salvia officinalis<\/p>\n<p>La palabra salvia en latin, significa salvar o curar. Des de la antig\u00fcedad se considera una planta sagrada. Su hidrolats refrescante es muy \u00fatil per enjuagues bucles, despu\u00e9s del champ\u00fa i en lociones cut\u00e1neas.<\/p>\n<p><strong>Ingredients<\/strong>: agua, flores y hojas de salvia.<\/p>\n<p><strong>Indicaciones: <\/strong>(*)<\/p>\n<ul>\n<li>Menopausia (tambi\u00e9n combinado con hidrolato de menta)<\/li>\n<li>Sudoraci\u00f3n excesiva de manos y \u00a0pies, sudoraci\u00f3n nocturna<\/li>\n<li>Infeccciones bucales<\/li>\n<li>Lociones per a pieles grasas, acn\u00e9<\/li>\n<li>Reduce el apetito<\/li>\n<li>Pell arrugada (combinat amb l&#8217;hidrolat de roses)<\/li>\n<li>Cabello sin brillo, da\u00f1ado, cabello graso<\/li>\n<li>Para cocinar<\/li>\n<\/ul>\n<p><b>Presentaci\u00f3n: <\/b>envase de 100 ml.<\/p>\n<p>Envasamos nuestros hidrolatos en botellas de vidrio oscuro, reutilitzables.<\/p>\n<p>&nbsp;<\/p>\n<p><strong>Conservaci\u00f3n:<\/strong><\/p>\n<p>Los hidrolatos tienen una vida larga de uno a dos a\u00f1os. Guardar en un lugar fresco y oscuro. Una vez \u00a0abiertos se recomienda guardarlos en la nevera.<\/p>\n<p>&nbsp;<\/p>\n<p>* Las indicaciones de uso son meramente informativas proceden de la bibliograf\u00eda de expertos en hidrolaterapia.<\/p>\n<p>&nbsp;<\/p>\n<p><strong>*<\/strong>Les indicaciones d&#8217;\u00fas son meramente informatives, proveen de la bibliograf\u00eda d&#8217;experts en hidroterapia.<\/p>\n<p>&nbsp;<\/p>\n<p>&nbsp;<\/p>\n<p>&nbsp;<\/p>\n<p>&nbsp;<\/p>\n<p>&nbsp;<\/p>\n<p>&nbsp;<\/p>\n<p>&nbsp;<\/p>\n","protected":false},"excerpt":{"rendered":"<p>Hidrolato de salvia Salvia officinalis La palabra salvia en latin, significa salvar o curar. Des de la antig\u00fcedad se considera una planta sagrada. Su hidrolats refrescante es muy \u00fatil per enjuagues bucles, despu\u00e9s del champ\u00fa i en lociones cut\u00e1neas. Ingredients: agua, flores y hojas de salvia. Indicaciones: (*) Menopausia (tambi\u00e9n combinado con hidrolato de menta) [&hellip;]<\/p>\n","protected":false},"featured_media":834,"template":"","meta":{"_seopress_robots_primary_cat":"none","_seopress_titles_title":"","_seopress_titles_desc":"","_seopress_robots_index":""},"product_brand":[],"product_cat":[56],"product_tag":[],"class_list":{"0":"post-258","1":"product","2":"type-product","3":"status-publish","4":"has-post-thumbnail","6":"product_cat-hidrolatos","8":"first","9":"instock","10":"taxable","11":"shipping-taxable","12":"purchasable","13":"product-type-simple"},"_links":{"self":[{"href":"https:\/\/kinonaart.com\/es\/wp-json\/wp\/v2\/product\/258","targetHints":{"allow":["GET"]}}],"collection":[{"href":"https:\/\/kinonaart.com\/es\/wp-json\/wp\/v2\/product"}],"about":[{"href":"https:\/\/kinonaart.com\/es\/wp-json\/wp\/v2\/types\/product"}],"wp:featuredmedia":[{"embeddable":true,"href":"https:\/\/kinonaart.com\/es\/wp-json\/wp\/v2\/media\/834"}],"wp:attachment":[{"href":"https:\/\/kinonaart.com\/es\/wp-json\/wp\/v2\/media?parent=258"}],"wp:term":[{"taxonomy":"product_brand","embeddable":true,"href":"https:\/\/kinonaart.com\/es\/wp-json\/wp\/v2\/product_brand?post=258"},{"taxonomy":"product_cat","embeddable":true,"href":"https:\/\/kinonaart.com\/es\/wp-json\/wp\/v2\/product_cat?post=258"},{"taxonomy":"product_tag","embeddable":true,"href":"https:\/\/kinonaart.com\/es\/wp-json\/wp\/v2\/product_tag?post=258"}],"curies":[{"name":"wp","href":"https:\/\/api.w.org\/{rel}","templated":true}]}}