{"id":257,"date":"2024-07-09T12:13:22","date_gmt":"2024-07-09T10:13:22","guid":{"rendered":"https:\/\/kinonaart.com\/producte\/hidrolato-de-rosas\/"},"modified":"2025-09-05T21:06:37","modified_gmt":"2025-09-05T19:06:37","slug":"hidrolato-de-rosas","status":"publish","type":"product","link":"https:\/\/kinonaart.com\/es\/producte\/hidrolato-de-rosas\/","title":{"rendered":"Hidrolato de rosas &#8211; Agua floral"},"content":{"rendered":"<p><strong>Hidrolato de rosas &#8211; Agua floral<\/strong><\/p>\n<p>Rosa spp.<\/p>\n<p>De fragancia excepcional. Tiene tantos principios activos que su campo de aplicaci\u00f3n es ilimitado tanto en aplicaciones terap\u00e9uticas \u00a0como cosm\u00e9ticas \u00a0y culinarias.<\/p>\n<p><strong>Ingredientes:<\/strong> agua, p\u00e9talos de rosa<\/p>\n<p>&nbsp;<\/p>\n<p><strong>Indicaciones: <\/strong>(*)<\/p>\n<ul>\n<li>Bronquitis cronica<\/li>\n<li>Exceso de apetito<\/li>\n<li>Abuso de caf\u00e9, az\u00facar \u00a0y alcohol<\/li>\n<li>Insomnio, nervios<\/li>\n<li>Arrugas<\/li>\n<li>Pieles secas y sensibles<\/li>\n<li>Eczema<\/li>\n<li>Perfume de ambiente: para la casa, la ropa<\/li>\n<li>Bruma de almohada<\/li>\n<\/ul>\n<p>En la cocina para aromatizar postres etc.<\/p>\n<p><b>Presentaci\u00f3n: <\/b>\u00a0 100 ml. \u00a0Hidrolatos envasados en botellas \u00a0de cristal oscuro esterilizadas.<\/p>\n<p>&nbsp;<\/p>\n<p><strong>Conservaci\u00f3n :<\/strong> Guardar en un lugar fresco y oscuro. Una vez abierto se \u00a0recomienda guardar los hidrolatos en la nevera.<\/p>\n<p>&nbsp;<\/p>\n<p>*Las indicaciones son informativas \u00a0provienen de la bibliograf\u00eda \u00a0de diferentes expertos en hidrolaterapia<\/p>\n<p>&nbsp;<\/p>\n<p>&nbsp;<\/p>\n<p>&nbsp;<\/p>\n<p>&nbsp;<\/p>\n","protected":false},"excerpt":{"rendered":"<p>Hidrolato de rosas &#8211; Agua floral Rosa spp. De fragancia excepcional. Tiene tantos principios activos que su campo de aplicaci\u00f3n es ilimitado tanto en aplicaciones terap\u00e9uticas \u00a0como cosm\u00e9ticas \u00a0y culinarias. Ingredientes: agua, p\u00e9talos de rosa &nbsp; Indicaciones: (*) Bronquitis cronica Exceso de apetito Abuso de caf\u00e9, az\u00facar \u00a0y alcohol Insomnio, nervios Arrugas Pieles secas y [&hellip;]<\/p>\n","protected":false},"featured_media":661,"template":"","meta":{"_seopress_robots_primary_cat":"none","_seopress_titles_title":"","_seopress_titles_desc":"","_seopress_robots_index":""},"product_brand":[],"product_cat":[56],"product_tag":[],"class_list":{"0":"post-257","1":"product","2":"type-product","3":"status-publish","4":"has-post-thumbnail","6":"product_cat-hidrolatos","8":"first","9":"outofstock","10":"taxable","11":"shipping-taxable","12":"purchasable","13":"product-type-simple"},"_links":{"self":[{"href":"https:\/\/kinonaart.com\/es\/wp-json\/wp\/v2\/product\/257","targetHints":{"allow":["GET"]}}],"collection":[{"href":"https:\/\/kinonaart.com\/es\/wp-json\/wp\/v2\/product"}],"about":[{"href":"https:\/\/kinonaart.com\/es\/wp-json\/wp\/v2\/types\/product"}],"wp:featuredmedia":[{"embeddable":true,"href":"https:\/\/kinonaart.com\/es\/wp-json\/wp\/v2\/media\/661"}],"wp:attachment":[{"href":"https:\/\/kinonaart.com\/es\/wp-json\/wp\/v2\/media?parent=257"}],"wp:term":[{"taxonomy":"product_brand","embeddable":true,"href":"https:\/\/kinonaart.com\/es\/wp-json\/wp\/v2\/product_brand?post=257"},{"taxonomy":"product_cat","embeddable":true,"href":"https:\/\/kinonaart.com\/es\/wp-json\/wp\/v2\/product_cat?post=257"},{"taxonomy":"product_tag","embeddable":true,"href":"https:\/\/kinonaart.com\/es\/wp-json\/wp\/v2\/product_tag?post=257"}],"curies":[{"name":"wp","href":"https:\/\/api.w.org\/{rel}","templated":true}]}}