{"id":253,"date":"2024-07-09T11:05:10","date_gmt":"2024-07-09T09:05:10","guid":{"rendered":"https:\/\/kinonaart.com\/producte\/modelo-herbario\/"},"modified":"2024-10-18T18:28:10","modified_gmt":"2024-10-18T16:28:10","slug":"modelo-herbario-vintage","status":"publish","type":"product","link":"https:\/\/kinonaart.com\/es\/producte\/modelo-herbario-vintage\/","title":{"rendered":"Herbario Vintage oval"},"content":{"rendered":"<p>Herbario con marco antiguo.<\/p>\n<p>Planta silvestre: Daucus carota, sobre soporte de color negro de 185g.<\/p>\n<p>Marco recuperado, de lat\u00f3n con cristal.<\/p>\n<p>Ideal para regalar o decorar espacios de tu casa con elementos naturales.<\/p>\n<p>Medidas: 27x22cm<\/p>\n<p>Una de mis aficiones es visitar mercadillos y tiendas de antig\u00fcedades. Los marcos de toda la col.lecci\u00f3n vintage son de segunda mano, y pueden tener peque\u00f1as imperfecciones. Piezas elaboradas con materiales nobles como la madera, el lat\u00f3n, cristal, etc. Detalles para contemplar \u00a0y regalar, con el encanto de tiempos pasados.<\/p>\n<p>&nbsp;<\/p>\n<p>Nota: debido a la iluminaci\u00f3n, c\u00e1mara, etc. pueden haber peque\u00f1as diferencias de color.<\/p>\n<p>&nbsp;<\/p>\n<p>&nbsp;<\/p>\n<p>&nbsp;<\/p>\n<p>&nbsp;<\/p>\n<p>&nbsp;<\/p>\n<p>&nbsp;<\/p>\n<p>&nbsp;<\/p>\n","protected":false},"excerpt":{"rendered":"<p>Herbario con marco antiguo. Planta silvestre: Daucus carota, sobre soporte de color negro de 185g. Marco recuperado, de lat\u00f3n con cristal. Ideal para regalar o decorar espacios de tu casa con elementos naturales. Medidas: 27x22cm Una de mis aficiones es visitar mercadillos y tiendas de antig\u00fcedades. Los marcos de toda la col.lecci\u00f3n vintage son de [&hellip;]<\/p>\n","protected":false},"featured_media":254,"template":"","meta":{"_seopress_robots_primary_cat":"none","_seopress_titles_title":"","_seopress_titles_desc":"","_seopress_robots_index":""},"product_brand":[],"product_cat":[81],"product_tag":[],"class_list":{"0":"post-253","1":"product","2":"type-product","3":"status-publish","4":"has-post-thumbnail","6":"product_cat-cuadros-y-laminas-botanicas-herbarios","8":"first","9":"instock","10":"sold-individually","11":"taxable","12":"shipping-taxable","13":"purchasable","14":"product-type-simple"},"_links":{"self":[{"href":"https:\/\/kinonaart.com\/es\/wp-json\/wp\/v2\/product\/253","targetHints":{"allow":["GET"]}}],"collection":[{"href":"https:\/\/kinonaart.com\/es\/wp-json\/wp\/v2\/product"}],"about":[{"href":"https:\/\/kinonaart.com\/es\/wp-json\/wp\/v2\/types\/product"}],"wp:featuredmedia":[{"embeddable":true,"href":"https:\/\/kinonaart.com\/es\/wp-json\/wp\/v2\/media\/254"}],"wp:attachment":[{"href":"https:\/\/kinonaart.com\/es\/wp-json\/wp\/v2\/media?parent=253"}],"wp:term":[{"taxonomy":"product_brand","embeddable":true,"href":"https:\/\/kinonaart.com\/es\/wp-json\/wp\/v2\/product_brand?post=253"},{"taxonomy":"product_cat","embeddable":true,"href":"https:\/\/kinonaart.com\/es\/wp-json\/wp\/v2\/product_cat?post=253"},{"taxonomy":"product_tag","embeddable":true,"href":"https:\/\/kinonaart.com\/es\/wp-json\/wp\/v2\/product_tag?post=253"}],"curies":[{"name":"wp","href":"https:\/\/api.w.org\/{rel}","templated":true}]}}