{"id":243,"date":"2024-07-09T10:43:26","date_gmt":"2024-07-09T08:43:26","guid":{"rendered":"https:\/\/kinonaart.com\/producte\/243\/"},"modified":"2025-09-05T20:41:18","modified_gmt":"2025-09-05T18:41:18","slug":"243","status":"publish","type":"product","link":"https:\/\/kinonaart.com\/es\/producte\/243\/","title":{"rendered":"Hidrolato de sa\u00faco &#8211; Agua floral"},"content":{"rendered":"<p><strong>Hidrolato de sa\u00faco &#8211; Agua floral<\/strong><\/p>\n<p>Sambucus nigra<\/p>\n<p>De aroma suave, agradable y dulce, un poco afrutado con notas florales.<\/p>\n<p><strong>Ingredientes:\u00a0<\/strong>agua, flores de sa\u00faco<\/p>\n<p><strong>Presentaci\u00f3n:\u00a0<\/strong>100 ml<\/p>\n<p>Frascos de vidrio oscuro esterilizados<\/p>\n<p>&nbsp;<\/p>\n<p><strong>Aplicaciones<\/strong>: (*)<\/p>\n<ul>\n<li>Para reducir la ansiedad y el insomnio, calmante<\/li>\n<li>Estimulante circulatorio<\/li>\n<li>Depurativo<\/li>\n<li>Desinfectante<\/li>\n<li>Pieles normales y sensibles<\/li>\n<li>Urticaria<\/li>\n<li>Refrescante, por el agua del ba\u00f1o, limpieza facial<\/li>\n<\/ul>\n<p style=\"text-align: left;\">Practicamos una destilaci\u00f3n artesanal solo para obtener hidrolatos, con plantas de nuestro huerto ecol\u00f3gico o de recolecci\u00f3n sostenible en espacios seguros. Utilizamos alambiques de cobre, metal que se encuentra en su estado natural. El cobre es antimicrobiano impide que bacterias y virus se \u00a0desarrollen en el agua.<\/p>\n<p><b>Conservaci\u00f3n:\u00a0<\/b><\/p>\n<p>Los hidrolatos tienen una vida muy larga de uno a dos a\u00f1os. Guardar en un lugar oscuro y fresco. Una vez abiertos conservar en la nevera.<\/p>\n<p>&nbsp;<\/p>\n<p><strong>(*) Son indicaciones no prescripciones. La informaci\u00f3n proviene de la bibliograf\u00eda de expertos en hidrolaterapia.<\/strong><\/p>\n","protected":false},"excerpt":{"rendered":"<p>Hidrolato de sa\u00faco &#8211; Agua floral Sambucus nigra De aroma suave, agradable y dulce, un poco afrutado con notas florales. Ingredientes:\u00a0agua, flores de sa\u00faco Presentaci\u00f3n:\u00a0100 ml Frascos de vidrio oscuro esterilizados &nbsp; Aplicaciones: (*) Para reducir la ansiedad y el insomnio, calmante Estimulante circulatorio Depurativo Desinfectante Pieles normales y sensibles Urticaria Refrescante, por el agua [&hellip;]<\/p>\n","protected":false},"featured_media":819,"template":"","meta":{"_seopress_robots_primary_cat":"none","_seopress_titles_title":"","_seopress_titles_desc":"","_seopress_robots_index":""},"product_brand":[],"product_cat":[56],"product_tag":[],"class_list":{"0":"post-243","1":"product","2":"type-product","3":"status-publish","4":"has-post-thumbnail","6":"product_cat-hidrolatos","8":"first","9":"instock","10":"taxable","11":"shipping-taxable","12":"purchasable","13":"product-type-simple"},"_links":{"self":[{"href":"https:\/\/kinonaart.com\/es\/wp-json\/wp\/v2\/product\/243","targetHints":{"allow":["GET"]}}],"collection":[{"href":"https:\/\/kinonaart.com\/es\/wp-json\/wp\/v2\/product"}],"about":[{"href":"https:\/\/kinonaart.com\/es\/wp-json\/wp\/v2\/types\/product"}],"wp:featuredmedia":[{"embeddable":true,"href":"https:\/\/kinonaart.com\/es\/wp-json\/wp\/v2\/media\/819"}],"wp:attachment":[{"href":"https:\/\/kinonaart.com\/es\/wp-json\/wp\/v2\/media?parent=243"}],"wp:term":[{"taxonomy":"product_brand","embeddable":true,"href":"https:\/\/kinonaart.com\/es\/wp-json\/wp\/v2\/product_brand?post=243"},{"taxonomy":"product_cat","embeddable":true,"href":"https:\/\/kinonaart.com\/es\/wp-json\/wp\/v2\/product_cat?post=243"},{"taxonomy":"product_tag","embeddable":true,"href":"https:\/\/kinonaart.com\/es\/wp-json\/wp\/v2\/product_tag?post=243"}],"curies":[{"name":"wp","href":"https:\/\/api.w.org\/{rel}","templated":true}]}}