{"id":225,"date":"2024-07-15T16:59:33","date_gmt":"2024-07-15T14:59:33","guid":{"rendered":"https:\/\/kinonaart.com\/producte\/pack-pensamientos\/"},"modified":"2025-02-07T23:41:40","modified_gmt":"2025-02-07T21:41:40","slug":"pack-de-flores-prensadas-de-pensamiento","status":"publish","type":"product","link":"https:\/\/kinonaart.com\/es\/producte\/pack-de-flores-prensadas-de-pensamiento\/","title":{"rendered":"Pack de flores prensadas de pensamientos"},"content":{"rendered":"<div class=\"page\" title=\"Page 1\">\n<div class=\"section\">\n<div class=\"layoutArea\">\n<div class=\"column\">\n<p style=\"text-align: left;\">Pack de flores prensadas de pensamientos. Contiene 18 unidades de colores variados.<\/p>\n<p style=\"text-align: left;\">Conjunto de flores prensadas secas para decorar tus manualidades: resina, bisuter\u00eda,velas,tarjetas de regalo, \u00e1lbumes etc.<\/p>\n<p style=\"text-align: left;\">Flores y hojas de nuestro jard\u00edn prensadas con m\u00e9todos tradicionales sin colorantes ni aditivos.<\/p>\n<p style=\"text-align: left;\">Pueden haber colores diferentes seg\u00fan la disponibilidad.<\/p>\n<\/div>\n<\/div>\n<\/div>\n<p>&nbsp;<\/p>\n<\/div>\n<p><span style=\"color: #008000;\">SABER MAS<\/span><\/p>\n<p>Pack de flores de pensamientos prensadas artesanalmente con m\u00e9todos tradicionales. Producto natural.<\/p>\n<p>La mayor\u00eda de plantas son cultivadas por nosotros en nuestro jard\u00edn ecol\u00f3gico. No utilizamos productos ni fertilizantes qu\u00edmicos.<\/p>\n<p>Los pensamientos o violas florecen durante todo en invierno llegando a su esplendor a inicios de la primavera. Existen muchas variedades y colores. La gama de colores de esta planta va desde el rojo, p\u00farpura, azul, blanco, naranja y amarillo. Hay flores con solo un color, otras que tiene un centro de color oscuro casi negro y otras son bicolor. Son ideales para flor prensada.<\/p>\n<p><strong>Usos:<\/strong><\/p>\n<p>Elabora tus propias tarjetas e invitaciones totalmente personalizadas y con un toque de naturaleza.<\/p>\n<p>Las flores prensadas tambi\u00e9n se utilizan para decorar herbarios, cuadernos, puntos de libro, velas, cosm\u00e9ticos, jabones, fundas de tel\u00e9fono, u\u00f1as, art\u00edculos de resina, bisuter\u00eda, etc. Hay un mont\u00f3n de posibilidades.<\/p>\n<p>Con el paso del tiempo el color del material vegetal puede variar un poco. Es su proceso natural!<\/p>\n<p><b>Conservaci\u00f3n de las flores prensadas:<\/b><\/p>\n<p>Si el material vegetal esta protegido por un cristal como puede ser un marco o una campana decorativa, no hay ning\u00fan problema para su conservaci\u00f3n. Solo tendremos que vigilar que no reciba luz directa ni que este situado cerca de una fuente de calor como una estufa o radiador. Si las flores prensadas no tienen ninguna protecci\u00f3n podemos aplicar un sellador floral, cola o un barniz suave en spray. Si queremos una protecci\u00f3n mas suave con un acabado mas natural, un poco de laca para los cabellos ser\u00e1 suficiente.<\/p>\n<p><strong>Curiosidades:<\/strong><\/p>\n<p>Se han conservado y prensado plantas durante siglos, por motivos cient\u00edficos, decorativos o como recuerdo. El ejemplar m\u00e1s antiguo fue hallado en una tumba egipcia del a\u00f1o 300 a.C.<\/p>\n<p>Encontraras mas informaci\u00f3n sobre este tema en un articulo de mi blog:<a href=\"https:\/\/kinonaart.com\/es\/las-flores-prensadas-en-la-historia\/\"> Historia de las flores prensadas<\/a><\/p>\n<p>&nbsp;<\/p>\n","protected":false},"excerpt":{"rendered":"<p>Pack de flores prensadas de pensamientos. Contiene 18 unidades de colores variados. Conjunto de flores prensadas secas para decorar tus manualidades: resina, bisuter\u00eda,velas,tarjetas de regalo, \u00e1lbumes etc. Flores y hojas de nuestro jard\u00edn prensadas con m\u00e9todos tradicionales sin colorantes ni aditivos. Pueden haber colores diferentes seg\u00fan la disponibilidad. &nbsp; SABER MAS Pack de flores de [&hellip;]<\/p>\n","protected":false},"featured_media":865,"template":"","meta":{"_seopress_robots_primary_cat":"none","_seopress_titles_title":"","_seopress_titles_desc":"","_seopress_robots_index":""},"product_brand":[],"product_cat":[53,50],"product_tag":[],"class_list":{"0":"post-225","1":"product","2":"type-product","3":"status-publish","4":"has-post-thumbnail","6":"product_cat-artesania-de-flores-prensadas","7":"product_cat-flores-prensadas-para-manualidades","9":"first","10":"instock","11":"taxable","12":"shipping-taxable","13":"purchasable","14":"product-type-simple"},"_links":{"self":[{"href":"https:\/\/kinonaart.com\/es\/wp-json\/wp\/v2\/product\/225","targetHints":{"allow":["GET"]}}],"collection":[{"href":"https:\/\/kinonaart.com\/es\/wp-json\/wp\/v2\/product"}],"about":[{"href":"https:\/\/kinonaart.com\/es\/wp-json\/wp\/v2\/types\/product"}],"wp:featuredmedia":[{"embeddable":true,"href":"https:\/\/kinonaart.com\/es\/wp-json\/wp\/v2\/media\/865"}],"wp:attachment":[{"href":"https:\/\/kinonaart.com\/es\/wp-json\/wp\/v2\/media?parent=225"}],"wp:term":[{"taxonomy":"product_brand","embeddable":true,"href":"https:\/\/kinonaart.com\/es\/wp-json\/wp\/v2\/product_brand?post=225"},{"taxonomy":"product_cat","embeddable":true,"href":"https:\/\/kinonaart.com\/es\/wp-json\/wp\/v2\/product_cat?post=225"},{"taxonomy":"product_tag","embeddable":true,"href":"https:\/\/kinonaart.com\/es\/wp-json\/wp\/v2\/product_tag?post=225"}],"curies":[{"name":"wp","href":"https:\/\/api.w.org\/{rel}","templated":true}]}}