{"id":224,"date":"2024-07-16T07:45:29","date_gmt":"2024-07-16T05:45:29","guid":{"rendered":"https:\/\/kinonaart.com\/producte\/model-flors\/"},"modified":"2025-11-19T17:05:22","modified_gmt":"2025-11-19T15:05:22","slug":"modelo-prado-silvestre","status":"publish","type":"product","link":"https:\/\/kinonaart.com\/es\/producte\/modelo-prado-silvestre\/","title":{"rendered":"Herbario Prado silvestre A\/30"},"content":{"rendered":"<p>Herbario, composici\u00f3n bot\u00e1nica con mezcla de plantas silvestres y flores de nuestro jard\u00edn: hiedra, cosmos, celos\u00eda , hojas de helechos&#8230;<\/p>\n<p>Pieza \u00fanica. Soporte color negro 185g<\/p>\n<p>Marco opcional de madera FSC de roble con cristal 30x30cm. Listo para colgar o colocar sobre una superficie.<\/p>\n<p>&nbsp;<\/p>\n<p>Nota: debido a la iluminaci\u00f3n, c\u00e1mara etc. pueden haver peque\u00f1as diferencias de color.<\/p>\n","protected":false},"excerpt":{"rendered":"<p>Herbario, composici\u00f3n bot\u00e1nica con mezcla de plantas silvestres y flores de nuestro jard\u00edn: hiedra, cosmos, celos\u00eda , hojas de helechos&#8230; Pieza \u00fanica. Soporte color negro 185g Marco opcional de madera FSC de roble con cristal 30x30cm. Listo para colgar o colocar sobre una superficie. &nbsp; Nota: debido a la iluminaci\u00f3n, c\u00e1mara etc. pueden haver peque\u00f1as [&hellip;]<\/p>\n","protected":false},"featured_media":635,"template":"","meta":{"_seopress_robots_primary_cat":"none","_seopress_titles_title":"","_seopress_titles_desc":"","_seopress_robots_index":""},"product_brand":[],"product_cat":[81],"product_tag":[],"class_list":{"0":"post-224","1":"product","2":"type-product","3":"status-publish","4":"has-post-thumbnail","6":"product_cat-cuadros-y-laminas-botanicas-herbarios","8":"first","9":"outofstock","10":"sold-individually","11":"taxable","12":"shipping-taxable","13":"purchasable","14":"product-type-variable"},"_links":{"self":[{"href":"https:\/\/kinonaart.com\/es\/wp-json\/wp\/v2\/product\/224","targetHints":{"allow":["GET"]}}],"collection":[{"href":"https:\/\/kinonaart.com\/es\/wp-json\/wp\/v2\/product"}],"about":[{"href":"https:\/\/kinonaart.com\/es\/wp-json\/wp\/v2\/types\/product"}],"wp:featuredmedia":[{"embeddable":true,"href":"https:\/\/kinonaart.com\/es\/wp-json\/wp\/v2\/media\/635"}],"wp:attachment":[{"href":"https:\/\/kinonaart.com\/es\/wp-json\/wp\/v2\/media?parent=224"}],"wp:term":[{"taxonomy":"product_brand","embeddable":true,"href":"https:\/\/kinonaart.com\/es\/wp-json\/wp\/v2\/product_brand?post=224"},{"taxonomy":"product_cat","embeddable":true,"href":"https:\/\/kinonaart.com\/es\/wp-json\/wp\/v2\/product_cat?post=224"},{"taxonomy":"product_tag","embeddable":true,"href":"https:\/\/kinonaart.com\/es\/wp-json\/wp\/v2\/product_tag?post=224"}],"curies":[{"name":"wp","href":"https:\/\/api.w.org\/{rel}","templated":true}]}}