{"id":223,"date":"2024-07-16T13:58:55","date_gmt":"2024-07-16T11:58:55","guid":{"rendered":"https:\/\/kinonaart.com\/producte\/pack-de-salvia\/"},"modified":"2025-09-23T10:33:31","modified_gmt":"2025-09-23T08:33:31","slug":"pack-de-salvia","status":"publish","type":"product","link":"https:\/\/kinonaart.com\/es\/producte\/pack-de-salvia\/","title":{"rendered":"Sahumerios de salvia"},"content":{"rendered":"<p>Incluye dos sahumerios de Salvia officinalis, procedente de nuestro jard\u00edn, y un palito de palo santo. Para quemar juntos o separados. Elaborados a mano.<\/p>\n<p>La salvia purifica ambientes, elimina malos olores y energ\u00edas negativas. El Palo santo favorece el equilibrio energ\u00e9tico y la armon\u00eda interior.<\/p>\n<p>Sahumos 100% naturales y artesanales. Elaborados con plantas de cultivo propio ecol\u00f3gico.<\/p>\n<p>&nbsp;<\/p>\n<p>Los sahumerios son el nuevo incienso. Las antiguas tribus americanas han sahumado plantas durante siglos para limpiar el cuerpo, la mente y el esp\u00edritu. Actualmente se utilizan como ambientados naturales para perfumar el hogar y eliminar los malos olores. Tambi\u00e9n para limpiezas energ\u00e9ticas.<\/p>\n<p style=\"text-align: left;\"><strong>Instrucciones de uso:\u00a0<\/strong>Encender el sahumerio con una vela y apaga la llama cuando comienza a quemar. Coloca el sahumerio en un recipiente resistente al calor. Para purificar un espacio hacer movimientos ondulados por toda la habitaci\u00f3n.<\/p>\n","protected":false},"excerpt":{"rendered":"<p>Incluye dos sahumerios de Salvia officinalis, procedente de nuestro jard\u00edn, y un palito de palo santo. Para quemar juntos o separados. Elaborados a mano. La salvia purifica ambientes, elimina malos olores y energ\u00edas negativas. El Palo santo favorece el equilibrio energ\u00e9tico y la armon\u00eda interior. Sahumos 100% naturales y artesanales. Elaborados con plantas de cultivo [&hellip;]<\/p>\n","protected":false},"featured_media":572,"template":"","meta":{"_seopress_robots_primary_cat":"none","_seopress_titles_title":"","_seopress_titles_desc":"","_seopress_robots_index":""},"product_brand":[],"product_cat":[48],"product_tag":[],"class_list":{"0":"post-223","1":"product","2":"type-product","3":"status-publish","4":"has-post-thumbnail","6":"product_cat-sahumerios-es-2","8":"first","9":"instock","10":"taxable","11":"shipping-taxable","12":"purchasable","13":"product-type-simple"},"_links":{"self":[{"href":"https:\/\/kinonaart.com\/es\/wp-json\/wp\/v2\/product\/223","targetHints":{"allow":["GET"]}}],"collection":[{"href":"https:\/\/kinonaart.com\/es\/wp-json\/wp\/v2\/product"}],"about":[{"href":"https:\/\/kinonaart.com\/es\/wp-json\/wp\/v2\/types\/product"}],"wp:featuredmedia":[{"embeddable":true,"href":"https:\/\/kinonaart.com\/es\/wp-json\/wp\/v2\/media\/572"}],"wp:attachment":[{"href":"https:\/\/kinonaart.com\/es\/wp-json\/wp\/v2\/media?parent=223"}],"wp:term":[{"taxonomy":"product_brand","embeddable":true,"href":"https:\/\/kinonaart.com\/es\/wp-json\/wp\/v2\/product_brand?post=223"},{"taxonomy":"product_cat","embeddable":true,"href":"https:\/\/kinonaart.com\/es\/wp-json\/wp\/v2\/product_cat?post=223"},{"taxonomy":"product_tag","embeddable":true,"href":"https:\/\/kinonaart.com\/es\/wp-json\/wp\/v2\/product_tag?post=223"}],"curies":[{"name":"wp","href":"https:\/\/api.w.org\/{rel}","templated":true}]}}