{"id":1482,"date":"2025-11-10T18:15:22","date_gmt":"2025-11-10T16:15:22","guid":{"rendered":"https:\/\/kinonaart.com\/?post_type=product&#038;p=1482"},"modified":"2025-11-13T18:15:36","modified_gmt":"2025-11-13T16:15:36","slug":"fular-de-seda-con-estampado-de-ecoprint-nandina-copia","status":"publish","type":"product","link":"https:\/\/kinonaart.com\/es\/producte\/fular-de-seda-con-estampado-de-ecoprint-nandina-copia\/","title":{"rendered":"Foulard, pa\u00f1uelo de lana con ecoprint"},"content":{"rendered":"<p>&nbsp;<\/p>\n<p>Foulard de lana y viscosa con estampado de ecoprint.<\/p>\n<p>Foulard estampado con materiales vegetales<strong>Pieza <\/strong><b>\u00fanica estampada a mano.<\/b><\/p>\n<p>Tejido: 30% lana 70% viscosa<\/p>\n<p>60x 190cm<\/p>\n<p>Color: fondo beige con hojas de tonos grises y negros.<\/p>\n<p>Material vegetal de estampaci\u00f3n: hojas de nuestro jard\u00edn.<\/p>\n<p>El Ecoprint o Estampaci\u00f3n bot\u00e1nica es un proceso totalmente artesanal y respetuoso con el medio ambiente. Durante este proceso hojas y flores imprimen su huella natural en los tejidos, consiguiendo piezas \u00fanicas e irrepetibles, con formas org\u00e1nicas. Una caricia para tu piel.<\/p>\n<p>Todos los procesos se realizan en nuestro taller. Procesos artesanales, realizados a fuego lento sin prisas.<\/p>\n<p>Consejos de lavado. Al ser piezas realizadas con tejidos naturales se recomienda lavarlas a mano con un jab\u00f3n suave. Secar a la sombra. Planchar al vapor<\/p>\n<p>Pueden existir peque\u00f1as diferencias de color entre el producto real y la imagen a causa del tipo de c\u00e1mara, luz etc.<\/p>\n<p>&nbsp;<\/p>\n","protected":false},"excerpt":{"rendered":"<p>&nbsp; Foulard de lana y viscosa con estampado de ecoprint. Foulard estampado con materiales vegetalesPieza \u00fanica estampada a mano. Tejido: 30% lana 70% viscosa 60x 190cm Color: fondo beige con hojas de tonos grises y negros. Material vegetal de estampaci\u00f3n: hojas de nuestro jard\u00edn. El Ecoprint o Estampaci\u00f3n bot\u00e1nica es un proceso totalmente artesanal y [&hellip;]<\/p>\n","protected":false},"featured_media":1497,"template":"","meta":{"_seopress_robots_primary_cat":"none","_seopress_titles_title":"","_seopress_titles_desc":"","_seopress_robots_index":""},"product_brand":[],"product_cat":[96,83],"product_tag":[],"class_list":{"0":"post-1482","1":"product","2":"type-product","3":"status-publish","4":"has-post-thumbnail","6":"product_cat-panuelos-y-fulares-es","7":"product_cat-ecoprint-y-tintes-naturales","9":"first","10":"instock","11":"sold-individually","12":"taxable","13":"shipping-taxable","14":"purchasable","15":"product-type-simple"},"_links":{"self":[{"href":"https:\/\/kinonaart.com\/es\/wp-json\/wp\/v2\/product\/1482","targetHints":{"allow":["GET"]}}],"collection":[{"href":"https:\/\/kinonaart.com\/es\/wp-json\/wp\/v2\/product"}],"about":[{"href":"https:\/\/kinonaart.com\/es\/wp-json\/wp\/v2\/types\/product"}],"wp:featuredmedia":[{"embeddable":true,"href":"https:\/\/kinonaart.com\/es\/wp-json\/wp\/v2\/media\/1497"}],"wp:attachment":[{"href":"https:\/\/kinonaart.com\/es\/wp-json\/wp\/v2\/media?parent=1482"}],"wp:term":[{"taxonomy":"product_brand","embeddable":true,"href":"https:\/\/kinonaart.com\/es\/wp-json\/wp\/v2\/product_brand?post=1482"},{"taxonomy":"product_cat","embeddable":true,"href":"https:\/\/kinonaart.com\/es\/wp-json\/wp\/v2\/product_cat?post=1482"},{"taxonomy":"product_tag","embeddable":true,"href":"https:\/\/kinonaart.com\/es\/wp-json\/wp\/v2\/product_tag?post=1482"}],"curies":[{"name":"wp","href":"https:\/\/api.w.org\/{rel}","templated":true}]}}