{"id":1440,"date":"2025-10-16T16:52:53","date_gmt":"2025-10-16T14:52:53","guid":{"rendered":"https:\/\/kinonaart.com\/?post_type=product&#038;p=1440"},"modified":"2025-10-16T17:41:53","modified_gmt":"2025-10-16T15:41:53","slug":"calcetines-ecoprint-flores-copia","status":"publish","type":"product","link":"https:\/\/kinonaart.com\/es\/producte\/calcetines-ecoprint-flores-copia\/","title":{"rendered":"Calcetines Ecoprint-Hojas"},"content":{"rendered":"<p>Calcetines con estampado de Ecoprint con hojas de nuestro jard\u00edn. Calcetines de tejido de bamb\u00fa con estampaci\u00f3n bot\u00e1nica. Elige tu estampado favorito solo hay un par de cada modelo.<\/p>\n<p>Talla unica.<\/p>\n<p>Composici\u00f3n: 80% bamb\u00fa, 18% poliamida, 2% elastano<\/p>\n<p><strong>Caracter\u00edsticas<\/strong><\/p>\n<ul>\n<li>Calcetines estampados mediante <a href=\"https:\/\/kinonaart.com\/es\/ecoprint-o-estampacion-botanica-que-es\/\">estampaci\u00f3n bot\u00e1nica, Ecoprint<\/a>. Al estar estampados a mano cada par es \u00fanico e irrepetible. Colores y formas extra\u00eddas directamente de la naturaleza. Producto artesanal.<\/li>\n<li>El hilo de bamb\u00fa proporciona comodidad y transpiraci\u00f3n.<\/li>\n<li>Muy ligeros y suaves, sin puntos de presi\u00f3n.<\/li>\n<li>Costuras invisibles.<\/li>\n<\/ul>\n<p><strong>Consejos de lavado<\/strong><\/p>\n<p>Lavar con agua fr\u00eda y un jab\u00f3n suave. A mano o a maquina pero sin centrifugar. Secar a la sombra.<\/p>\n","protected":false},"excerpt":{"rendered":"<p>Calcetines con estampado de Ecoprint con hojas de nuestro jard\u00edn. Calcetines de tejido de bamb\u00fa con estampaci\u00f3n bot\u00e1nica. Elige tu estampado favorito solo hay un par de cada modelo. Talla unica. Composici\u00f3n: 80% bamb\u00fa, 18% poliamida, 2% elastano Caracter\u00edsticas Calcetines estampados mediante estampaci\u00f3n bot\u00e1nica, Ecoprint. Al estar estampados a mano cada par es \u00fanico e [&hellip;]<\/p>\n","protected":false},"featured_media":1456,"template":"","meta":{"_seopress_robots_primary_cat":"none","_seopress_titles_title":"","_seopress_titles_desc":"","_seopress_robots_index":""},"product_brand":[],"product_cat":[267,83],"product_tag":[],"class_list":{"0":"post-1440","1":"product","2":"type-product","3":"status-publish","4":"has-post-thumbnail","6":"product_cat-complementos","7":"product_cat-ecoprint-y-tintes-naturales","9":"first","10":"instock","11":"taxable","12":"shipping-taxable","13":"purchasable","14":"product-type-variable"},"_links":{"self":[{"href":"https:\/\/kinonaart.com\/es\/wp-json\/wp\/v2\/product\/1440","targetHints":{"allow":["GET"]}}],"collection":[{"href":"https:\/\/kinonaart.com\/es\/wp-json\/wp\/v2\/product"}],"about":[{"href":"https:\/\/kinonaart.com\/es\/wp-json\/wp\/v2\/types\/product"}],"wp:featuredmedia":[{"embeddable":true,"href":"https:\/\/kinonaart.com\/es\/wp-json\/wp\/v2\/media\/1456"}],"wp:attachment":[{"href":"https:\/\/kinonaart.com\/es\/wp-json\/wp\/v2\/media?parent=1440"}],"wp:term":[{"taxonomy":"product_brand","embeddable":true,"href":"https:\/\/kinonaart.com\/es\/wp-json\/wp\/v2\/product_brand?post=1440"},{"taxonomy":"product_cat","embeddable":true,"href":"https:\/\/kinonaart.com\/es\/wp-json\/wp\/v2\/product_cat?post=1440"},{"taxonomy":"product_tag","embeddable":true,"href":"https:\/\/kinonaart.com\/es\/wp-json\/wp\/v2\/product_tag?post=1440"}],"curies":[{"name":"wp","href":"https:\/\/api.w.org\/{rel}","templated":true}]}}