{"id":1412,"date":"2025-10-15T09:19:00","date_gmt":"2025-10-15T07:19:00","guid":{"rendered":"https:\/\/kinonaart.com\/producte\/tote-bag-ecoprint-flors-del-jardi\/"},"modified":"2025-10-15T09:59:32","modified_gmt":"2025-10-15T07:59:32","slug":"tote-bag-ecoprint-flors-del-jardi","status":"publish","type":"product","link":"https:\/\/kinonaart.com\/es\/producte\/tote-bag-ecoprint-flors-del-jardi\/","title":{"rendered":"Tote bag Ecoprint &#8211; Flores del jard\u00edn"},"content":{"rendered":"<p>Tote bag estampada con flores naturales con la t\u00e9cnica de Ecoprint (Estampaci\u00f3n bot\u00e1nica). Colores y formas extra\u00eddas directamente de las flores. Bolsa de algod\u00f3n ecol\u00f3gico estampada con flores de nuestro jard\u00edn. Para llevar tus cosas con estilo o para hacer la compra.<\/p>\n<p>Producto artesanal, estampado a mano.<\/p>\n<p>Medidas: 40 x 36 cm<\/p>\n<p>Con la <a href=\"https:\/\/kinonaart.com\/es\/ecoprint-o-estampacion-botanica-que-es\/\">estampaci\u00f3n bot\u00e1nica<\/a> cada pieza es \u00fanica e irrepetible.<\/p>\n<p>Los colores pueden variar respecto a la fotograf\u00eda.<\/p>\n<p><strong>Consejos de lavado<\/strong><\/p>\n<p>Lavar con un jab\u00f3n suave con agua fr\u00eda. A mano o a maquina pero sin centrifugar. Secar a la sombra.<\/p>\n","protected":false},"excerpt":{"rendered":"<p>Tote bag estampada con flores naturales con la t\u00e9cnica de Ecoprint (Estampaci\u00f3n bot\u00e1nica). Colores y formas extra\u00eddas directamente de las flores. Bolsa de algod\u00f3n ecol\u00f3gico estampada con flores de nuestro jard\u00edn. Para llevar tus cosas con estilo o para hacer la compra. Producto artesanal, estampado a mano. Medidas: 40 x 36 cm Con la estampaci\u00f3n [&hellip;]<\/p>\n","protected":false},"featured_media":1408,"template":"","meta":{"_seopress_robots_primary_cat":"none","_seopress_titles_title":"","_seopress_titles_desc":"","_seopress_robots_index":""},"product_brand":[],"product_cat":[267,83],"product_tag":[],"class_list":{"0":"post-1412","1":"product","2":"type-product","3":"status-publish","4":"has-post-thumbnail","6":"product_cat-complementos","7":"product_cat-ecoprint-y-tintes-naturales","9":"first","10":"instock","11":"sold-individually","12":"taxable","13":"shipping-taxable","14":"purchasable","15":"product-type-simple"},"_links":{"self":[{"href":"https:\/\/kinonaart.com\/es\/wp-json\/wp\/v2\/product\/1412","targetHints":{"allow":["GET"]}}],"collection":[{"href":"https:\/\/kinonaart.com\/es\/wp-json\/wp\/v2\/product"}],"about":[{"href":"https:\/\/kinonaart.com\/es\/wp-json\/wp\/v2\/types\/product"}],"wp:featuredmedia":[{"embeddable":true,"href":"https:\/\/kinonaart.com\/es\/wp-json\/wp\/v2\/media\/1408"}],"wp:attachment":[{"href":"https:\/\/kinonaart.com\/es\/wp-json\/wp\/v2\/media?parent=1412"}],"wp:term":[{"taxonomy":"product_brand","embeddable":true,"href":"https:\/\/kinonaart.com\/es\/wp-json\/wp\/v2\/product_brand?post=1412"},{"taxonomy":"product_cat","embeddable":true,"href":"https:\/\/kinonaart.com\/es\/wp-json\/wp\/v2\/product_cat?post=1412"},{"taxonomy":"product_tag","embeddable":true,"href":"https:\/\/kinonaart.com\/es\/wp-json\/wp\/v2\/product_tag?post=1412"}],"curies":[{"name":"wp","href":"https:\/\/api.w.org\/{rel}","templated":true}]}}