{"id":1375,"date":"2025-10-02T20:27:59","date_gmt":"2025-10-02T18:27:59","guid":{"rendered":"https:\/\/kinonaart.com\/?post_type=product&#038;p=1375"},"modified":"2025-10-16T16:46:54","modified_gmt":"2025-10-16T14:46:54","slug":"vela-de-masaje-anima","status":"publish","type":"product","link":"https:\/\/kinonaart.com\/es\/producte\/vela-de-masaje-anima\/","title":{"rendered":"Vela de Masaje \u00c0NIMA"},"content":{"rendered":"<p>Vela de masaje y aromaterapia de soja y aceites vegetales.<\/p>\n<p>Producto artesanal elaborado a mano con cera de soja, aceite de oliva, manteca de karit\u00e9, romero, \u00e1rnica \u00a0y aceites esenciales. Incluye un mineral energ\u00e9tico.<\/p>\n<p>Contenido 100 ml.<\/p>\n<p>Medidas 45 mm alto x 64 mm di\u00e1metro.<\/p>\n<p>&nbsp;<\/p>\n<p><strong>Caracter\u00edsticas.<\/strong><\/p>\n<p>Esta vela por su composici\u00f3n es adecuada para estimular la circulaci\u00f3n, contracturas musculares y para despu\u00e9s de un esfuerzo f\u00edsico:<\/p>\n<ul>\n<li><strong>Cera de Soja ecol\u00f3gica de bajo punto de fusi\u00f3n.\u00a0<\/strong> Cera con un alto contenido de vitaminas A,B6,B12 i K. Tambi\u00e9n contiene calcio, magnesio y potasio. Aporta luminosidad \u00a0y nutrici\u00f3n a la piel. Su bajo punto de fusi\u00f3n permite aplicarla sobre la piel.<\/li>\n<li><strong>Manteca de Karit\u00e9. <\/strong>Protege la piel de los factores externos. Alto contenido en vitaminas A, D, E i F. Nutre la piel intensamente.<\/li>\n<li><strong>Aceite de oliva AOVE. \u00a0<\/strong>Aceite \u00a0de r\u00e1pida absorci\u00f3n\u00a0calma las agresiones a causa del estr\u00e9s oxidativo, rayos UV y contaminaci\u00f3n. Hidrata la piel en profundidad. Rico en vitaminas A, D, E, K. Para todo tipos de pieles. Reduce cicatrices. Con este aceite elaboramos artesanalmente los aceites macerados de romero y arnica macerados de esta vela. Las plantas proceden del nuestro huero org\u00e0nico.<\/li>\n<li><strong>El<\/strong> <strong>Romero<\/strong>. Aroma herbal. Estimulante circulatorio, antiinflamatorio. Reduce la inflamaci\u00f3n, ayuda a disminuir la sensaci\u00f3n de dolor en lesiones musculares, artritis e<\/li>\n<li><strong>Arnica. <\/strong>Favorece la circulaci\u00f3n, calma contusiones, ayuda a calmar los s\u00edntomas de piernas cansadas a causa de la pr\u00e1ctica de deportes. Estimulante<\/li>\n<li><strong><span style=\"color: #000000;\">Aceite esencial de <\/span><\/strong><span style=\"color: #000000;\"><span style=\"caret-color: #000000;\"><b>romero. <\/b>Activador del metabolismo y energ\u00e9tico. Falta de concentraci\u00f3n, dificultad para memorizar.<\/span><\/span><\/li>\n<li><strong>Aceite esencial de alcanfor. <\/strong>Antiinflamatorio y estimulante. Efecto calmante y refrescante.<\/li>\n<li><strong>Mecha de algod\u00f3n. <\/strong>Mecha de algod\u00f3n sin plomo ni zinc.<\/li>\n<li><strong>Cristal de jaspe verde. <\/strong>Para el equilibrio emocional y f\u00edsico. Protecci\u00f3n contra energ\u00edas negativas. Estimula la vitalidad, ayuda a mantener \u00a0la calma en momentos de estr\u00e9s.<\/li>\n<li>La cera de soja y los aceites vegetales son muy hidratantes y no son aconsejables para pieles grasas. Cunden mucho, poca cantidad es suficiente para cubrir una buena \u00e1rea. Se pueden hacer masajes corporales completos o parciales. Van muy bien para las manos, las nutren en profundidad y junto con el calor calma las manos doloridas. S\u00ed siempre tienes los pies fr\u00edos un masaje caliente antes de ir a dormir te puede ayudar<strong>Consejos de uso\u00a0<\/strong>-Enciende la vela y deja que se disuelva toda la superficie.\n<p>-Apaga la llama espera unos instantes.<\/p>\n<p>-Verte el aceite sobre la palma de tus manos antes de aplicar el aceite sobe la piel<\/p>\n<p>-Cuando este a la temperatura adecuada empieza el masaje<\/p>\n<p><b>Beneficios y contraindicaciones del masaje con<\/b><strong> velas.<\/strong><\/p>\n<p>El masaje con velas es ideal para pieles secas, ayuda a reducir el estr\u00e9s. Es un masaje arom\u00e1tico, c\u00e1lido y relajante para calmar la tensi\u00f3n, recargar la mente y el cuerpo<\/p>\n<p>El masaje con aceites calientes:<\/p>\n<p>-Calma el estado de animo<\/p>\n<p>&nbsp;<\/p>\n<p>-Alivia la tensi\u00f3n, reduce el estr\u00e9s<\/p>\n<p>-Armoniza el cuerpo, la mente y el esp\u00edritu<\/li>\n<\/ul>\n<p>-Recupera la energia<\/p>\n<p>-Equilibra el sistema nervioso<\/p>\n<p>-Mejora las funciones org\u00e1nicas<\/p>\n<p><strong>Contraindicaciones<\/strong>: no utilizar \u00a0persones con asma, embarazadas, menores de 12 a\u00f1os, personas con enfermedades en la piel..<\/p>\n<p>&nbsp;<\/p>\n","protected":false},"excerpt":{"rendered":"<p>Vela de masaje y aromaterapia de soja y aceites vegetales. Producto artesanal elaborado a mano con cera de soja, aceite de oliva, manteca de karit\u00e9, romero, \u00e1rnica \u00a0y aceites esenciales. Incluye un mineral energ\u00e9tico. Contenido 100 ml. Medidas 45 mm alto x 64 mm di\u00e1metro. &nbsp; Caracter\u00edsticas. Esta vela por su composici\u00f3n es adecuada para [&hellip;]<\/p>\n","protected":false},"featured_media":1343,"template":"","meta":{"_seopress_robots_primary_cat":"none","_seopress_titles_title":"","_seopress_titles_desc":"","_seopress_robots_index":""},"product_brand":[],"product_cat":[52,265],"product_tag":[],"class_list":{"0":"post-1375","1":"product","2":"type-product","3":"status-publish","4":"has-post-thumbnail","6":"product_cat-la-casa-perfumada","7":"product_cat-velas-de-masaje-y-aromaterapia","9":"first","10":"instock","11":"taxable","12":"shipping-taxable","13":"purchasable","14":"product-type-simple"},"_links":{"self":[{"href":"https:\/\/kinonaart.com\/es\/wp-json\/wp\/v2\/product\/1375","targetHints":{"allow":["GET"]}}],"collection":[{"href":"https:\/\/kinonaart.com\/es\/wp-json\/wp\/v2\/product"}],"about":[{"href":"https:\/\/kinonaart.com\/es\/wp-json\/wp\/v2\/types\/product"}],"wp:featuredmedia":[{"embeddable":true,"href":"https:\/\/kinonaart.com\/es\/wp-json\/wp\/v2\/media\/1343"}],"wp:attachment":[{"href":"https:\/\/kinonaart.com\/es\/wp-json\/wp\/v2\/media?parent=1375"}],"wp:term":[{"taxonomy":"product_brand","embeddable":true,"href":"https:\/\/kinonaart.com\/es\/wp-json\/wp\/v2\/product_brand?post=1375"},{"taxonomy":"product_cat","embeddable":true,"href":"https:\/\/kinonaart.com\/es\/wp-json\/wp\/v2\/product_cat?post=1375"},{"taxonomy":"product_tag","embeddable":true,"href":"https:\/\/kinonaart.com\/es\/wp-json\/wp\/v2\/product_tag?post=1375"}],"curies":[{"name":"wp","href":"https:\/\/api.w.org\/{rel}","templated":true}]}}