{"id":1374,"date":"2025-10-02T18:45:23","date_gmt":"2025-10-02T16:45:23","guid":{"rendered":"https:\/\/kinonaart.com\/producte\/vela-de-masaje-calma\/"},"modified":"2025-10-16T16:48:56","modified_gmt":"2025-10-16T14:48:56","slug":"vela-de-masaje-calma","status":"publish","type":"product","link":"https:\/\/kinonaart.com\/es\/producte\/vela-de-masaje-calma\/","title":{"rendered":"Vela de Masaje CALMA"},"content":{"rendered":"<p>Vela de masaje y aromaterapia elaborada con cera de soja y aceites vegetales.<\/p>\n<p>Producto artesanal elaborado a mano con cera de soja, aceite de girasol, flores de mimosa y manteca de karit\u00e9. Contiene una pieza de cristal energ\u00e9tico.<\/p>\n<p>Contenido 100 ml.<\/p>\n<p>Medidas 45 mm alto x 64 mm di\u00e1metro<\/p>\n<p>&nbsp;<\/p>\n<p><strong>Caracter\u00edsticas<\/strong><\/p>\n<p>Esta vela por su composici\u00f3n es adecuada para relajar y reducir el estr\u00e9s.<\/p>\n<ul>\n<li><strong>Cera de Soja ecol\u00f3gica de bajo punto de fusi\u00f3n.<\/strong> Cera con un alto contenido en vitaminas A, B6, B12 y K. Tambi\u00e9n contiene calcio, magnesio y potasio. Aporta luminosidad y nutrici\u00f3n a la piel. Su bajo punto de fusi\u00f3n permite poder aplicarla sobre la piel.<\/li>\n<li><strong>Manteca de karit\u00e9<\/strong>. Protege la piel de los factores externos. Alto contenido en vitaminas A, D, E i F. Nutre la piel intensamente.<\/li>\n<li><strong>Aceite de girasol.<\/strong> Aceite nutritivo penetra muy bien en la piel. Rico en \u00e1cidos grasos y vitaminas A, D y E. Con este aceite y flores de mimosa hemos elaborado el oleato de esta vela.<\/li>\n<li><strong>La Mimosa<\/strong>. Tiene propiedades calmantes y relajantes. Calma la ansiedad, facilita el sue\u00f1o y un descanso profundo. Tambi\u00e9n favorece la regeneraci\u00f3n de tejidos cut\u00e1neos.<\/li>\n<li><strong>Mecha de algod\u00f3n<\/strong>. Mecha de algod\u00f3n sin plomo ni zinc.<\/li>\n<li><strong>Mineral de Aventurina<\/strong>. Equilibra las emociones y reduce el estr\u00e9s. Proporciona bienestar general. Potencia la toma de decisiones.<\/li>\n<\/ul>\n<p>La cera de soja y los aceites vegetales son muy hidratantes y no son aconsejables para pieles grasas. Cunden mucho con poca cantidad es suficiente para cubrir una buena area. Se pueden realizar masajes completos o parciales. Van muy bien para las manos, las nutren en profundidad y adem\u00e1s con el efecto calor calma las manos doloridas. Si siempre tienes los pies fr\u00edos un masaje antes de acostarte te puede ayudar.<\/p>\n<p><strong>Consejos de uso<\/strong><\/p>\n<p>-Enciende la vela y deja que se disuelva toda la superficie.<\/p>\n<p>-Apaga la llama, espera unos instantes.<\/p>\n<p>-Vierte sobre la palma de tu mano el aceite antes de aplicarlo sobre la piel.<\/p>\n<p>-Cuando este a la temperatura adecuada empieza el masaje.<\/p>\n<p>&nbsp;<\/p>\n<p><strong>Beneficios y contraindicaciones del masaje con velas.<\/strong><\/p>\n<p>El masaje con velas es ideal para pieles secas ayuda a reducir el estr\u00e9s. Es un masaje arom\u00e1tico, c\u00e1lido y relajante para calmar la tensi\u00f3n, recargar la mente y el cuerpo. El masaje con aceites calientes:<\/p>\n<p>-Calma el estado de animo<\/p>\n<p>-Calma la tensi\u00f3n y reduce el estr\u00e9s<\/p>\n<p>-Armoniza el cuerpo, la mente y el esp\u00edritu<\/p>\n<p>-Recupera la energia<\/p>\n<p>Equilibra el sistema nervioso<\/p>\n<p>-Mejora las funciones org\u00e1nicas<\/p>\n<p>Contraindicaciones: no utilizar personas con asma, embarazadas, menores de 12 a\u00f1os, persones con enfermedades en la piel.<\/p>\n<p>&nbsp;<\/p>\n<p>&nbsp;<\/p>\n<p>&nbsp;<\/p>\n<p>&nbsp;<\/p>\n<p>&nbsp;<\/p>\n<p>&nbsp;<\/p>\n<p>&nbsp;<\/p>\n<p>&nbsp;<\/p>\n<p>&nbsp;<\/p>\n<p>&nbsp;<\/p>\n<p>&nbsp;<\/p>\n<p>&nbsp;<\/p>\n<p>&nbsp;<\/p>\n","protected":false},"excerpt":{"rendered":"<p>Vela de masaje y aromaterapia elaborada con cera de soja y aceites vegetales. Producto artesanal elaborado a mano con cera de soja, aceite de girasol, flores de mimosa y manteca de karit\u00e9. Contiene una pieza de cristal energ\u00e9tico. Contenido 100 ml. Medidas 45 mm alto x 64 mm di\u00e1metro &nbsp; Caracter\u00edsticas Esta vela por su [&hellip;]<\/p>\n","protected":false},"featured_media":1345,"template":"","meta":{"_seopress_robots_primary_cat":"","_seopress_titles_title":"","_seopress_titles_desc":"","_seopress_robots_index":""},"product_brand":[],"product_cat":[52,265],"product_tag":[],"class_list":{"0":"post-1374","1":"product","2":"type-product","3":"status-publish","4":"has-post-thumbnail","6":"product_cat-la-casa-perfumada","7":"product_cat-velas-de-masaje-y-aromaterapia","9":"first","10":"instock","11":"taxable","12":"shipping-taxable","13":"purchasable","14":"product-type-simple"},"_links":{"self":[{"href":"https:\/\/kinonaart.com\/es\/wp-json\/wp\/v2\/product\/1374","targetHints":{"allow":["GET"]}}],"collection":[{"href":"https:\/\/kinonaart.com\/es\/wp-json\/wp\/v2\/product"}],"about":[{"href":"https:\/\/kinonaart.com\/es\/wp-json\/wp\/v2\/types\/product"}],"wp:featuredmedia":[{"embeddable":true,"href":"https:\/\/kinonaart.com\/es\/wp-json\/wp\/v2\/media\/1345"}],"wp:attachment":[{"href":"https:\/\/kinonaart.com\/es\/wp-json\/wp\/v2\/media?parent=1374"}],"wp:term":[{"taxonomy":"product_brand","embeddable":true,"href":"https:\/\/kinonaart.com\/es\/wp-json\/wp\/v2\/product_brand?post=1374"},{"taxonomy":"product_cat","embeddable":true,"href":"https:\/\/kinonaart.com\/es\/wp-json\/wp\/v2\/product_cat?post=1374"},{"taxonomy":"product_tag","embeddable":true,"href":"https:\/\/kinonaart.com\/es\/wp-json\/wp\/v2\/product_tag?post=1374"}],"curies":[{"name":"wp","href":"https:\/\/api.w.org\/{rel}","templated":true}]}}