{"id":1371,"date":"2025-10-02T17:04:56","date_gmt":"2025-10-02T15:04:56","guid":{"rendered":"https:\/\/kinonaart.com\/producte\/espelma-de-massatge-dolca\/"},"modified":"2025-10-16T16:51:45","modified_gmt":"2025-10-16T14:51:45","slug":"espelma-de-massatge-dolca","status":"publish","type":"product","link":"https:\/\/kinonaart.com\/es\/producte\/espelma-de-massatge-dolca\/","title":{"rendered":"Vela de Masaje DOL\u00c7A"},"content":{"rendered":"<p>Vela de masaje y aromaterapia elaborada con cera de soja y aceites vegetales que hidratan la piel al mismo tiempo que relajan.<\/p>\n<p>Producto artesanal elaborado a mano con cera de soja, aceite de almendras dulces, manteca de karit\u00e9, lavanda, melisa, cal\u00e9ndula y aceites esenciales. Incluye una pieza de cristal energ\u00e9tico.<\/p>\n<p>Contenido 100 ml.<\/p>\n<p>Medidas 45 mm alto x 64 mm di\u00e1metro<\/p>\n<p>&nbsp;<\/p>\n<p><strong>Caracter\u00edsticas<\/strong><\/p>\n<p>Esta vela por su composici\u00f3n es adecuada para tratar pieles deshidratadas, secas y sensibles. Tambi\u00e9n para relajar y favorecer el sue\u00f1o. Para masajes corporales, manos secas y doloridas.<\/p>\n<ul>\n<li><strong>Cera de Soja ecol\u00f3gica de bajo punto de fusi\u00f3n. <\/strong>Cera con un alto contenido de vitaminas A, B6, B12 i K. Tambi\u00e9n contiene calcio, magnesio y potasio. Aporta luminosidad a la vez que nutre la piel. Su bajo punto de fusi\u00f3n permite aplicarla sobre la piel.<\/li>\n<li><strong>Manteca de Karit\u00e9. <\/strong>Protege la piel de los factores externos. Alto contenido de vitaminas A, D, E i F. Nutre la piel intensamente.<\/li>\n<li><strong>Aceite de almendras dulces. <\/strong>Aceite rico en prote\u00ednas. Aporta flexibilidad y nutrici\u00f3n a la piel, con propiedades antiinflamatorias. Contiene Omega 3, Omega 6 i vitamina E. Con este aceite aquest aceite elaboramos los oleatos de lavanda, melisa y cal\u00e9ndula de esta vela. Todas les plantas proceden de nuestro huerto medicinal org\u00e1nico.<\/li>\n<li><strong>La Lavanda. <\/strong>Planta con un aroma floral fresco y dulce. Efectos regenerativos y calmantes en pieles sensibles y fr\u00e1giles .<\/li>\n<li><strong>La Melisa. <\/strong>De aroma fresco, herbal con toques c\u00edtricos. Con propiedades antioxidantes y antiinflamatorias.<\/li>\n<li><strong>La cal\u00e9ndula. <\/strong>Para pieles secas y sensibles. Propiedades calmantes.<\/li>\n<li><strong><span style=\"color: #000000;\">Aceite esencial de oregano. <\/span><\/strong><span style=\"color: #000000;\"><span style=\"color: #000000;\">Equilibra la piel. Fragancia c\u00e1lida con acci\u00f3n relajante.<\/span><\/span><\/li>\n<li><strong>Mecha de algod\u00f3n. <\/strong>Metxa de algod\u00f3n sin plomo ni zinc.<\/li>\n<li><strong>Agata lila. <\/strong>Piedra de la serenidad interior. Calma la ansiedad y el estr\u00e9s. Favorece la relajaci\u00f3n y el sue\u00f1o.<\/li>\n<\/ul>\n<p>La cera de soja y los aceites vegetales son muy hidratantes y no son aconsejables para pieles grasas. Cunden mucho, poca cantidad es suficiente para cubrir una bona \u00e1rea. Podemos hacer masajes corporales completos o parciales. Van muy bien para las manos, las nutren en profundidad adem\u00e1s con el efecto de calor calma les manos doloridas. S\u00ed siempre tienes los pies fr\u00edos un masaje caliente antes de ir a dormir t\u00e9 pude ayudar.<\/p>\n<p>&nbsp;<\/p>\n<p><strong>Consejos de uso<\/strong><\/p>\n<p>-Enciende la vela y deja que se derrita toda la superficie.<\/p>\n<p>-Apaga la llama, espera unos instantes.<\/p>\n<p>-Vierte el aceite sobre la palma de tu mano antes de aplicar el aceite sobre la piel.<\/p>\n<p>-Cuando est\u00e9 a la temperatura adecuada empieza el masaje.<\/p>\n<p>&nbsp;<\/p>\n<p><b>Beneficios y contraindicaciones del masaje con<\/b><strong> velas.<\/strong><\/p>\n<p>El masaje con velas es ideal para pieles secas, ayuda a reducir el estr\u00e9s. Es un masaje arom\u00e1tico, c\u00e1lido y relajante, para calmar la tensi\u00f3n, recargar la mente y el cuerpo.<\/p>\n<p>El masaje con aceites calientes:<\/p>\n<p>-Calma el estado de animo<\/p>\n<p>-Calma la tensi\u00f3n y reduce el estr\u00e9s<\/p>\n<p>-Armoniza el cuerpo, la mente y el esp\u00edritu<\/p>\n<p>-Recupera la energia<\/p>\n<p>-Equilibra el sistema nervioso<\/p>\n<p>-Mejora las funciones org\u00e1nicas<\/p>\n<p><strong>Contraindicaciones<\/strong>: no utilizar personas con asma, embarazadas, menores de 12 a\u00f1os, personas con enfermedades en la piel. Uso externo.<\/p>\n<p>&nbsp;<\/p>\n<p>&nbsp;<\/p>\n<p>&nbsp;<\/p>\n<p>&nbsp;<\/p>\n<p>&nbsp;<\/p>\n<p>&nbsp;<\/p>\n","protected":false},"excerpt":{"rendered":"<p>Vela de masaje y aromaterapia elaborada con cera de soja y aceites vegetales que hidratan la piel al mismo tiempo que relajan. Producto artesanal elaborado a mano con cera de soja, aceite de almendras dulces, manteca de karit\u00e9, lavanda, melisa, cal\u00e9ndula y aceites esenciales. Incluye una pieza de cristal energ\u00e9tico. Contenido 100 ml. Medidas 45 [&hellip;]<\/p>\n","protected":false},"featured_media":1350,"template":"","meta":{"_seopress_robots_primary_cat":"none","_seopress_titles_title":"","_seopress_titles_desc":"","_seopress_robots_index":""},"product_brand":[],"product_cat":[52,265],"product_tag":[],"class_list":{"0":"post-1371","1":"product","2":"type-product","3":"status-publish","4":"has-post-thumbnail","6":"product_cat-la-casa-perfumada","7":"product_cat-velas-de-masaje-y-aromaterapia","9":"first","10":"instock","11":"taxable","12":"shipping-taxable","13":"purchasable","14":"product-type-simple"},"_links":{"self":[{"href":"https:\/\/kinonaart.com\/es\/wp-json\/wp\/v2\/product\/1371","targetHints":{"allow":["GET"]}}],"collection":[{"href":"https:\/\/kinonaart.com\/es\/wp-json\/wp\/v2\/product"}],"about":[{"href":"https:\/\/kinonaart.com\/es\/wp-json\/wp\/v2\/types\/product"}],"wp:featuredmedia":[{"embeddable":true,"href":"https:\/\/kinonaart.com\/es\/wp-json\/wp\/v2\/media\/1350"}],"wp:attachment":[{"href":"https:\/\/kinonaart.com\/es\/wp-json\/wp\/v2\/media?parent=1371"}],"wp:term":[{"taxonomy":"product_brand","embeddable":true,"href":"https:\/\/kinonaart.com\/es\/wp-json\/wp\/v2\/product_brand?post=1371"},{"taxonomy":"product_cat","embeddable":true,"href":"https:\/\/kinonaart.com\/es\/wp-json\/wp\/v2\/product_cat?post=1371"},{"taxonomy":"product_tag","embeddable":true,"href":"https:\/\/kinonaart.com\/es\/wp-json\/wp\/v2\/product_tag?post=1371"}],"curies":[{"name":"wp","href":"https:\/\/api.w.org\/{rel}","templated":true}]}}