{"id":1326,"date":"2025-09-30T10:50:56","date_gmt":"2025-09-30T08:50:56","guid":{"rendered":"https:\/\/kinonaart.com\/?post_type=product&#038;p=1326"},"modified":"2025-10-03T08:20:22","modified_gmt":"2025-10-03T06:20:22","slug":"vela-de-ruda","status":"publish","type":"product","link":"https:\/\/kinonaart.com\/es\/producte\/vela-de-ruda\/","title":{"rendered":"Vela de Ruda"},"content":{"rendered":"<p>Vela de soja con aceite esencial de ruda elaborada artesanalmente. Producto natural.<\/p>\n<p>De 2ooml aproximadamente. Envase met\u00e1lico de 6,5cm alto x 7,7cm de di\u00e1metro. Envase reutilizable.<\/p>\n<p>Nota: Absorbe los malos olores y purifica el aire. No es una vela de olor es una vela energ\u00e9tica para purificar y limpiar el ambiente de casa o espacio de trabajo. Limpiezas energ\u00e9ticas, rituales para alejar las malas energ\u00edas y atraer las buenas.<\/p>\n<p>&nbsp;<\/p>\n<p><span style=\"color: #000000;\"><strong>Caracter\u00edsticas<\/strong><\/span><\/p>\n<ul>\n<li><strong>\u00a0La<\/strong><b> cera de soja. <\/b>Es una cera de origen vegetal 100% biodegradable y sostenible. Textura suave y cremosa con un aroma que recuerda a la vainilla. La combusti\u00f3n no produce ni CO2 ni holl\u00edn. Cera de combusti\u00f3n lenta, tiene una duraci\u00f3n de 2 a 3 veces superior a la parafina.<\/li>\n<li><strong>El aceite esencial de ruda <\/strong>100% Natural obtenido mediante la destilaci\u00f3n de hojas de ruda.<\/li>\n<li><strong>La ruda<\/strong>. Des de la Edad Media es una planta muy apreciada al ser una planta protectora contra el mal. En la antig\u00fcedad se utilizaba \u00a0como ant\u00eddoto contra venenos. En Africa se cree que los esclavos llevaban ramitas de ruda en las orejas para expulsar los malos esp\u00edritus. En todo el mundo la ruda es considerada una de las mejores plantas para la protecci\u00f3n espiritual. Aleja los malos esp\u00edritus y el mal de ojo.<\/li>\n<li><strong>Mecha de madera. <\/strong>Mecha de madera de cerezo. Larga duraci\u00f3n, no desprende humo ni holl\u00edn. Crea un ambiente natural y relajante, crepita com si fuera un fuego de le\u00f1a.<\/li>\n<li><strong>Envase metalico con tapa. <\/strong>Envase reutilizable. La cera de soja es soluble en agua podemos lavar f\u00e1cilmente el recipiente con agua y jabon.<\/li>\n<\/ul>\n<p>&nbsp;<\/p>\n<p><span style=\"color: #000000;\"><strong>Consejos de uso<\/strong><\/span><\/p>\n<p>La primera vez que se enciende una vela de soja se tiene que de dejar que toda la superficie de la vela este l\u00edquida de esta forma evitaremos crear un t\u00fanel alrededor de la mecha. Recortar la mecha con regularidad para que tenga entre 0,5cm-1cm. Es ideal dejar quemar la vela entre 30 minutos y 2 horas, nunca m\u00e1s de 3 horas. No apagar soplando para evitar salpicaduras.<\/p>\n<p>&nbsp;<\/p>\n<p>&nbsp;<\/p>\n","protected":false},"excerpt":{"rendered":"<p>Vela de soja con aceite esencial de ruda elaborada artesanalmente. Producto natural. De 2ooml aproximadamente. Envase met\u00e1lico de 6,5cm alto x 7,7cm de di\u00e1metro. Envase reutilizable. Nota: Absorbe los malos olores y purifica el aire. No es una vela de olor es una vela energ\u00e9tica para purificar y limpiar el ambiente de casa o espacio [&hellip;]<\/p>\n","protected":false},"featured_media":1321,"template":"","meta":{"_seopress_robots_primary_cat":"none","_seopress_titles_title":"","_seopress_titles_desc":"","_seopress_robots_index":""},"product_brand":[],"product_cat":[52,265],"product_tag":[],"class_list":{"0":"post-1326","1":"product","2":"type-product","3":"status-publish","4":"has-post-thumbnail","6":"product_cat-la-casa-perfumada","7":"product_cat-velas-de-masaje-y-aromaterapia","9":"first","10":"instock","11":"taxable","12":"shipping-taxable","13":"purchasable","14":"product-type-simple"},"_links":{"self":[{"href":"https:\/\/kinonaart.com\/es\/wp-json\/wp\/v2\/product\/1326","targetHints":{"allow":["GET"]}}],"collection":[{"href":"https:\/\/kinonaart.com\/es\/wp-json\/wp\/v2\/product"}],"about":[{"href":"https:\/\/kinonaart.com\/es\/wp-json\/wp\/v2\/types\/product"}],"wp:featuredmedia":[{"embeddable":true,"href":"https:\/\/kinonaart.com\/es\/wp-json\/wp\/v2\/media\/1321"}],"wp:attachment":[{"href":"https:\/\/kinonaart.com\/es\/wp-json\/wp\/v2\/media?parent=1326"}],"wp:term":[{"taxonomy":"product_brand","embeddable":true,"href":"https:\/\/kinonaart.com\/es\/wp-json\/wp\/v2\/product_brand?post=1326"},{"taxonomy":"product_cat","embeddable":true,"href":"https:\/\/kinonaart.com\/es\/wp-json\/wp\/v2\/product_cat?post=1326"},{"taxonomy":"product_tag","embeddable":true,"href":"https:\/\/kinonaart.com\/es\/wp-json\/wp\/v2\/product_tag?post=1326"}],"curies":[{"name":"wp","href":"https:\/\/api.w.org\/{rel}","templated":true}]}}