{"id":1265,"date":"2025-09-13T20:07:37","date_gmt":"2025-09-13T18:07:37","guid":{"rendered":"https:\/\/kinonaart.com\/producte\/camino-de-mesa-estampado-con-ecoprint-clematis\/"},"modified":"2025-09-13T20:44:12","modified_gmt":"2025-09-13T18:44:12","slug":"camino-de-mesa-estampado-con-ecoprint-clematis","status":"publish","type":"product","link":"https:\/\/kinonaart.com\/es\/producte\/camino-de-mesa-estampado-con-ecoprint-clematis\/","title":{"rendered":"Camino de mesa estampado con Ecoprint\/ Clematis"},"content":{"rendered":"<p>Camino de mesa estampado con ecoprint\/Clematis con fondo de tinte natural.<\/p>\n<p>Camino de mesa en loneta de algod\u00f3n. Espampado con hojas silvestres y te\u00f1ido con tinte natural de cochinilla nacional. Terminaciones deshilachadas. Pieza \u00fanica.<\/p>\n<p>Tambi\u00e9n se puede utilizar como decoraci\u00f3n mural, lo podemos adaptar de largo a la medida que necesites.<\/p>\n<p>Medidas: 135&#215;47 cm<\/p>\n<p>Ver otros productos aqu\u00ed<\/p>\n<p>El Ecoprint es un proceso de estampaci\u00f3n natural respetuoso con el medio ambiente en el que flores y hojas dejan su huella natural sobre los tejidos. El tinte natural se realiza a partir de colorantes naturales sin productos qu\u00edmicos.<\/p>\n<p>Consejos de lavado. Al tratarse de tejidos naturales se recomienda lavar las telas a mano, agua fr\u00eda y jab\u00f3n natural. Secar a la sombra.<\/p>\n<p>Pueden existir peque\u00f1as diferencias de color debido a la iluminaci\u00f3n, tipo de c\u00e1mara etc<\/p>\n","protected":false},"excerpt":{"rendered":"<p>Camino de mesa estampado con ecoprint\/Clematis con fondo de tinte natural. Camino de mesa en loneta de algod\u00f3n. Espampado con hojas silvestres y te\u00f1ido con tinte natural de cochinilla nacional. Terminaciones deshilachadas. Pieza \u00fanica. Tambi\u00e9n se puede utilizar como decoraci\u00f3n mural, lo podemos adaptar de largo a la medida que necesites. Medidas: 135&#215;47 cm Ver [&hellip;]<\/p>\n","protected":false},"featured_media":1260,"template":"","meta":{"_seopress_robots_primary_cat":"","_seopress_titles_title":"","_seopress_titles_desc":"","_seopress_robots_index":""},"product_brand":[],"product_cat":[94,83],"product_tag":[],"class_list":{"0":"post-1265","1":"product","2":"type-product","3":"status-publish","4":"has-post-thumbnail","6":"product_cat-textiles-para-el-hogar-es","7":"product_cat-ecoprint-y-tintes-naturales","9":"first","10":"instock","11":"sold-individually","12":"taxable","13":"shipping-taxable","14":"purchasable","15":"product-type-simple"},"_links":{"self":[{"href":"https:\/\/kinonaart.com\/es\/wp-json\/wp\/v2\/product\/1265","targetHints":{"allow":["GET"]}}],"collection":[{"href":"https:\/\/kinonaart.com\/es\/wp-json\/wp\/v2\/product"}],"about":[{"href":"https:\/\/kinonaart.com\/es\/wp-json\/wp\/v2\/types\/product"}],"wp:featuredmedia":[{"embeddable":true,"href":"https:\/\/kinonaart.com\/es\/wp-json\/wp\/v2\/media\/1260"}],"wp:attachment":[{"href":"https:\/\/kinonaart.com\/es\/wp-json\/wp\/v2\/media?parent=1265"}],"wp:term":[{"taxonomy":"product_brand","embeddable":true,"href":"https:\/\/kinonaart.com\/es\/wp-json\/wp\/v2\/product_brand?post=1265"},{"taxonomy":"product_cat","embeddable":true,"href":"https:\/\/kinonaart.com\/es\/wp-json\/wp\/v2\/product_cat?post=1265"},{"taxonomy":"product_tag","embeddable":true,"href":"https:\/\/kinonaart.com\/es\/wp-json\/wp\/v2\/product_tag?post=1265"}],"curies":[{"name":"wp","href":"https:\/\/api.w.org\/{rel}","templated":true}]}}