{"id":1162,"date":"2025-06-13T19:06:31","date_gmt":"2025-06-13T17:06:31","guid":{"rendered":"https:\/\/kinonaart.com\/producte\/iniciales-botanicas\/"},"modified":"2025-11-14T11:19:02","modified_gmt":"2025-11-14T09:19:02","slug":"iniciales-botanicas","status":"publish","type":"product","link":"https:\/\/kinonaart.com\/es\/producte\/iniciales-botanicas\/","title":{"rendered":"Iniciales bot\u00e1nicas por encargo"},"content":{"rendered":"<p>Iniciales bot\u00e1nicas realizadas con diferentes tipos de hojas y flores. Un detalle natural totalmente artesanal para regalar o para decorar tu casa: habitaciones infantiles, despachos, recibidores etc.<\/p>\n<p>Elige tu letra. Si deseas una gama de colores determinada env\u00eda un mensaje a <a href=\"mailto:kinonaart@gmail.com\">kinonaart@gmail.com<\/a> \u00a0y veremos c\u00f3mo podemos ayudarte (seg\u00fan disponibilidad). Se entrega sin marco.<\/p>\n<p>Tama\u00f1o 21&#215;30 \u00a0cm<\/p>\n<p>Los cuadros de flores prensadas aportan una nota de color y calidez a cualquier espacio de casa. Producto elaborado artesanalmente en nuestro taller. \u00a0Recogemos el material vegetal de nuestro jard\u00edn donde adem\u00e1s de plantas cultivadas disponemos tambi\u00e9n de vegetaci\u00f3n aut\u00f3ctona. Prensamos las flores y hojas utilizando m\u00e9todos tradicionales sin colorantes ni aditivos. Producto natural, hecho a mano.<\/p>\n<p><b>Conservaci\u00f3n del herbario<\/b><\/p>\n<p>Las flores y hojas prensadas son naturales por este motivo es muy importante que siempre est\u00e9n enmarcadas. Evitar la exposici\u00f3n directa a la luz solar, las habitaciones h\u00famedas como cocinas o ba\u00f1os, y colocar la pieza lejos de fuentes de calor como estufas o radiadores. Con el paso de los a\u00f1os, las flores ir\u00e1n cambiando de color, es su proceso natural.<\/p>\n<p><strong>Plazo de entrega<\/strong><\/p>\n<p>Este articulo esta disponible solo por encargo, el plazo de entrega puede variar de 10 a 15 d\u00edas laborables.<\/p>\n<p>&nbsp;<\/p>\n<p>&nbsp;<\/p>\n","protected":false},"excerpt":{"rendered":"<p>Iniciales bot\u00e1nicas realizadas con diferentes tipos de hojas y flores. Un detalle natural totalmente artesanal para regalar o para decorar tu casa: habitaciones infantiles, despachos, recibidores etc. Elige tu letra. Si deseas una gama de colores determinada env\u00eda un mensaje a kinonaart@gmail.com \u00a0y veremos c\u00f3mo podemos ayudarte (seg\u00fan disponibilidad). Se entrega sin marco. Tama\u00f1o 21&#215;30 [&hellip;]<\/p>\n","protected":false},"featured_media":1129,"template":"","meta":{"_seopress_robots_primary_cat":"none","_seopress_titles_title":"","_seopress_titles_desc":"","_seopress_robots_index":""},"product_brand":[],"product_cat":[53,81],"product_tag":[],"class_list":{"0":"post-1162","1":"product","2":"type-product","3":"status-publish","4":"has-post-thumbnail","6":"product_cat-artesania-de-flores-prensadas","7":"product_cat-cuadros-y-laminas-botanicas-herbarios","9":"first","10":"onbackorder","11":"taxable","12":"shipping-taxable","13":"purchasable","14":"product-type-variable"},"_links":{"self":[{"href":"https:\/\/kinonaart.com\/es\/wp-json\/wp\/v2\/product\/1162","targetHints":{"allow":["GET"]}}],"collection":[{"href":"https:\/\/kinonaart.com\/es\/wp-json\/wp\/v2\/product"}],"about":[{"href":"https:\/\/kinonaart.com\/es\/wp-json\/wp\/v2\/types\/product"}],"wp:featuredmedia":[{"embeddable":true,"href":"https:\/\/kinonaart.com\/es\/wp-json\/wp\/v2\/media\/1129"}],"wp:attachment":[{"href":"https:\/\/kinonaart.com\/es\/wp-json\/wp\/v2\/media?parent=1162"}],"wp:term":[{"taxonomy":"product_brand","embeddable":true,"href":"https:\/\/kinonaart.com\/es\/wp-json\/wp\/v2\/product_brand?post=1162"},{"taxonomy":"product_cat","embeddable":true,"href":"https:\/\/kinonaart.com\/es\/wp-json\/wp\/v2\/product_cat?post=1162"},{"taxonomy":"product_tag","embeddable":true,"href":"https:\/\/kinonaart.com\/es\/wp-json\/wp\/v2\/product_tag?post=1162"}],"curies":[{"name":"wp","href":"https:\/\/api.w.org\/{rel}","templated":true}]}}