{"id":1042,"date":"2025-04-09T18:28:33","date_gmt":"2025-04-09T16:28:33","guid":{"rendered":"https:\/\/kinonaart.com\/producte\/fular-de-seda-con-estampado-de-ecoprint-nandina\/"},"modified":"2025-09-10T17:12:43","modified_gmt":"2025-09-10T15:12:43","slug":"fular-de-seda-con-estampado-de-ecoprint-nandina","status":"publish","type":"product","link":"https:\/\/kinonaart.com\/es\/producte\/fular-de-seda-con-estampado-de-ecoprint-nandina\/","title":{"rendered":"Fular de seda con estampado de ecoprint Nandina"},"content":{"rendered":"<p>Fular de seda con estampado de ecoprint Nandina.<\/p>\n<p>Fular de seda natural te\u00f1ido y estampado con materiales vegetales. <strong>Pieza\u00a0<\/strong><b>\u00fanica, te\u00f1ida y estampada a mano.<\/b><\/p>\n<p>Dobladillos cosidos a mano.<\/p>\n<p>Tejido:100% seda natural, 40 x 180 cm<\/p>\n<p>Tinte natural: Rubia, color naranja oscuro<\/p>\n<p>Material vegetal de estampaci\u00f3n: hojas de nandina de nuestro jard\u00edn.<\/p>\n<p>El Ecoprint o Estampaci\u00f3n bot\u00e1nica es un proceso totalmente artesanal y respetuoso con el medio ambiente. Durante este proceso hojas y flores imprimen su huella natural en los tejidos, consiguiendo piezas \u00fanicas e irrepetibles, con formas org\u00e1nicas. Una caricia para tu piel.<\/p>\n<p>Esta pieza tambi\u00e9n se ha te\u00f1ido artesanalmente con productos naturales. El colorante de Rubia se extrae de las ra\u00edces de esta planta. Se obtienen tonos del rojo al rosa.<\/p>\n<p>Todos los procesos se realizan en nuestro taller. Procesos artesanales, realizados a fuego lento sin prisas.<\/p>\n<p>Consejos de lavado. Al ser piezas realizadas con tejidos naturales se recomienda lavarlas a mano con un jab\u00f3n suave. Secar a la sombra. Planchar al vapor.<\/p>\n<p>&nbsp;<\/p>\n","protected":false},"excerpt":{"rendered":"<p>Fular de seda con estampado de ecoprint Nandina. Fular de seda natural te\u00f1ido y estampado con materiales vegetales. Pieza\u00a0\u00fanica, te\u00f1ida y estampada a mano. Dobladillos cosidos a mano. Tejido:100% seda natural, 40 x 180 cm Tinte natural: Rubia, color naranja oscuro Material vegetal de estampaci\u00f3n: hojas de nandina de nuestro jard\u00edn. El Ecoprint o Estampaci\u00f3n [&hellip;]<\/p>\n","protected":false},"featured_media":1040,"template":"","meta":{"_seopress_robots_primary_cat":"","_seopress_titles_title":"","_seopress_titles_desc":"","_seopress_robots_index":""},"product_brand":[],"product_cat":[96,83],"product_tag":[],"class_list":{"0":"post-1042","1":"product","2":"type-product","3":"status-publish","4":"has-post-thumbnail","6":"product_cat-panuelos-y-fulares-es","7":"product_cat-ecoprint-y-tintes-naturales","9":"first","10":"instock","11":"sold-individually","12":"taxable","13":"shipping-taxable","14":"purchasable","15":"product-type-simple"},"_links":{"self":[{"href":"https:\/\/kinonaart.com\/es\/wp-json\/wp\/v2\/product\/1042","targetHints":{"allow":["GET"]}}],"collection":[{"href":"https:\/\/kinonaart.com\/es\/wp-json\/wp\/v2\/product"}],"about":[{"href":"https:\/\/kinonaart.com\/es\/wp-json\/wp\/v2\/types\/product"}],"wp:featuredmedia":[{"embeddable":true,"href":"https:\/\/kinonaart.com\/es\/wp-json\/wp\/v2\/media\/1040"}],"wp:attachment":[{"href":"https:\/\/kinonaart.com\/es\/wp-json\/wp\/v2\/media?parent=1042"}],"wp:term":[{"taxonomy":"product_brand","embeddable":true,"href":"https:\/\/kinonaart.com\/es\/wp-json\/wp\/v2\/product_brand?post=1042"},{"taxonomy":"product_cat","embeddable":true,"href":"https:\/\/kinonaart.com\/es\/wp-json\/wp\/v2\/product_cat?post=1042"},{"taxonomy":"product_tag","embeddable":true,"href":"https:\/\/kinonaart.com\/es\/wp-json\/wp\/v2\/product_tag?post=1042"}],"curies":[{"name":"wp","href":"https:\/\/api.w.org\/{rel}","templated":true}]}}