{"id":1032,"date":"2025-04-09T17:36:08","date_gmt":"2025-04-09T15:36:08","guid":{"rendered":"https:\/\/kinonaart.com\/producte\/fular-de-seda-con-estampado-de-ecoprint-hibisco\/"},"modified":"2025-09-10T17:25:51","modified_gmt":"2025-09-10T15:25:51","slug":"fular-de-seda-con-estampado-de-ecoprint-hibisco","status":"publish","type":"product","link":"https:\/\/kinonaart.com\/es\/producte\/fular-de-seda-con-estampado-de-ecoprint-hibisco\/","title":{"rendered":"Fular de seda con estampado de ecoprint Hibisco y hojas de ricino"},"content":{"rendered":"<p>Fular de seda con estampado de ecoprint con flores de hibisco y hojas de ricino<\/p>\n<p>Fular de seda natural, te\u00f1ido y estampado con materiales vegetales.\u00a0<strong>Pieza\u00a0<\/strong><b>\u00fanica, te\u00f1ida y estampada a mano.<\/b><\/p>\n<p>Dobladillos realizados a mano.<\/p>\n<p>Tejido 100% seda natural, 40 x 180 cm<\/p>\n<p>Tinte natural: Ratanjot, color gris<\/p>\n<p>Material vegetal de estampaci\u00f3n: hojas de ricino y flores de hibisco, de nuestro jard\u00edn.<\/p>\n<p>El Ecoprint o Estampaci\u00f3n bot\u00e1nica es un proceso totalmente artesanal y respetuoso con el medio ambiente. En este proceso hojas y flores dejan su huella natural sobre los tejidos, consiguiendo piezas \u00fanicas, con formas org\u00e1nicas, dulces con tu piel.<\/p>\n<p>Esta pieza tambi\u00e9n se ha te\u00f1ido artesanalmente con productos naturales. El colorante de Ratanjot se obtiene de las ra\u00edces de esta planta. El color resultante e un gris plateado.<\/p>\n<p>Todo los procesos se realizan en nuestro taller. Procesos artesanales, realizados a fuego lento sin prisas.<\/p>\n<p>Consejos de lavado. Al tratarse de tejidos naturales se recomienda lavarlas a mano con un jab\u00f3n suave. Secar a la sombra.<\/p>\n<p>Pueden existir peque\u00f1as variaciones de color entre el producto real y la imagen debido al tipo de c\u00e1mara, luz etc.<\/p>\n","protected":false},"excerpt":{"rendered":"<p>Fular de seda con estampado de ecoprint con flores de hibisco y hojas de ricino Fular de seda natural, te\u00f1ido y estampado con materiales vegetales.\u00a0Pieza\u00a0\u00fanica, te\u00f1ida y estampada a mano. Dobladillos realizados a mano. Tejido 100% seda natural, 40 x 180 cm Tinte natural: Ratanjot, color gris Material vegetal de estampaci\u00f3n: hojas de ricino y [&hellip;]<\/p>\n","protected":false},"featured_media":1029,"template":"","meta":{"_seopress_robots_primary_cat":"","_seopress_titles_title":"","_seopress_titles_desc":"","_seopress_robots_index":""},"product_brand":[],"product_cat":[96,83],"product_tag":[],"class_list":{"0":"post-1032","1":"product","2":"type-product","3":"status-publish","4":"has-post-thumbnail","6":"product_cat-panuelos-y-fulares-es","7":"product_cat-ecoprint-y-tintes-naturales","9":"first","10":"instock","11":"sold-individually","12":"taxable","13":"shipping-taxable","14":"purchasable","15":"product-type-simple"},"_links":{"self":[{"href":"https:\/\/kinonaart.com\/es\/wp-json\/wp\/v2\/product\/1032","targetHints":{"allow":["GET"]}}],"collection":[{"href":"https:\/\/kinonaart.com\/es\/wp-json\/wp\/v2\/product"}],"about":[{"href":"https:\/\/kinonaart.com\/es\/wp-json\/wp\/v2\/types\/product"}],"wp:featuredmedia":[{"embeddable":true,"href":"https:\/\/kinonaart.com\/es\/wp-json\/wp\/v2\/media\/1029"}],"wp:attachment":[{"href":"https:\/\/kinonaart.com\/es\/wp-json\/wp\/v2\/media?parent=1032"}],"wp:term":[{"taxonomy":"product_brand","embeddable":true,"href":"https:\/\/kinonaart.com\/es\/wp-json\/wp\/v2\/product_brand?post=1032"},{"taxonomy":"product_cat","embeddable":true,"href":"https:\/\/kinonaart.com\/es\/wp-json\/wp\/v2\/product_cat?post=1032"},{"taxonomy":"product_tag","embeddable":true,"href":"https:\/\/kinonaart.com\/es\/wp-json\/wp\/v2\/product_tag?post=1032"}],"curies":[{"name":"wp","href":"https:\/\/api.w.org\/{rel}","templated":true}]}}