{"id":1020,"date":"2025-03-25T19:43:01","date_gmt":"2025-03-25T17:43:01","guid":{"rendered":"https:\/\/kinonaart.com\/?post_type=product&#038;p=1020"},"modified":"2025-09-10T17:48:25","modified_gmt":"2025-09-10T15:48:25","slug":"fular-mimosa","status":"publish","type":"product","link":"https:\/\/kinonaart.com\/es\/producte\/fular-mimosa\/","title":{"rendered":"Fular de seda con estampado de ecoprint Mimosa"},"content":{"rendered":"<p>Fular de seda natural estampado con flores de mimosa mediante la tecnica de Ecoprint o Estampaci\u00f3n Bot\u00e1nica.\u00a0<strong>Pieza\u00a0<\/strong><b>\u00fanica<\/b>.<\/p>\n<p>Dobladillos realizados a mano.<\/p>\n<p>Tejido 100% seda natural.<\/p>\n<p>Material vegetal: flores de mimosa, siempreviva \u00a0y euphorbia.<\/p>\n<p>Medidas: 40 x 180 cm<\/p>\n<p><a href=\"http:\/\/instagram.com\/kinonaart\">Ver producto en Instagram<\/a><\/p>\n<p>El ecoprint o estampaci\u00f3n bot\u00e1nica es un proceso totalmente artesanal y respetuoso con el medio ambiente, en el que hojas y flores dejan su huella natural sobre los tejidos. De esta forma conseguimos piezas \u00fanicas, con formas org\u00e1nicas de tejidos naturales. Una caricia para tu piel.<\/p>\n<p>Consejos de lavado: Al ser piezas de tejidos naturales se recomienda lavarlas a mano con un jab\u00f3n suave. Secar a la sombra.<\/p>\n<p>Si quieres conocer mas esta planta visita mi blog: <a href=\"http:\/\/Mimosa, la flor del invierno\">Mimosa, la flor del invierno<\/a><\/p>\n<p>&nbsp;<\/p>\n<p>Pueden existir peque\u00f1as diferencias de color a causa de la iluminaci\u00f3n, c\u00e1mara etc<\/p>\n<p>&nbsp;<\/p>\n","protected":false},"excerpt":{"rendered":"<p>Fular de seda natural estampado con flores de mimosa mediante la tecnica de Ecoprint o Estampaci\u00f3n Bot\u00e1nica.\u00a0Pieza\u00a0\u00fanica. Dobladillos realizados a mano. Tejido 100% seda natural. Material vegetal: flores de mimosa, siempreviva \u00a0y euphorbia. Medidas: 40 x 180 cm Ver producto en Instagram El ecoprint o estampaci\u00f3n bot\u00e1nica es un proceso totalmente artesanal y respetuoso con [&hellip;]<\/p>\n","protected":false},"featured_media":1053,"template":"","meta":{"_seopress_robots_primary_cat":"none","_seopress_titles_title":"","_seopress_titles_desc":"","_seopress_robots_index":""},"product_brand":[],"product_cat":[96,83],"product_tag":[],"class_list":{"0":"post-1020","1":"product","2":"type-product","3":"status-publish","4":"has-post-thumbnail","6":"product_cat-panuelos-y-fulares-es","7":"product_cat-ecoprint-y-tintes-naturales","9":"first","10":"instock","11":"sold-individually","12":"taxable","13":"shipping-taxable","14":"purchasable","15":"product-type-simple"},"_links":{"self":[{"href":"https:\/\/kinonaart.com\/es\/wp-json\/wp\/v2\/product\/1020","targetHints":{"allow":["GET"]}}],"collection":[{"href":"https:\/\/kinonaart.com\/es\/wp-json\/wp\/v2\/product"}],"about":[{"href":"https:\/\/kinonaart.com\/es\/wp-json\/wp\/v2\/types\/product"}],"wp:featuredmedia":[{"embeddable":true,"href":"https:\/\/kinonaart.com\/es\/wp-json\/wp\/v2\/media\/1053"}],"wp:attachment":[{"href":"https:\/\/kinonaart.com\/es\/wp-json\/wp\/v2\/media?parent=1020"}],"wp:term":[{"taxonomy":"product_brand","embeddable":true,"href":"https:\/\/kinonaart.com\/es\/wp-json\/wp\/v2\/product_brand?post=1020"},{"taxonomy":"product_cat","embeddable":true,"href":"https:\/\/kinonaart.com\/es\/wp-json\/wp\/v2\/product_cat?post=1020"},{"taxonomy":"product_tag","embeddable":true,"href":"https:\/\/kinonaart.com\/es\/wp-json\/wp\/v2\/product_tag?post=1020"}],"curies":[{"name":"wp","href":"https:\/\/api.w.org\/{rel}","templated":true}]}}