{"id":323,"date":"2024-07-09T08:25:47","date_gmt":"2024-07-09T06:25:47","guid":{"rendered":"https:\/\/kinonaart.com\/avis-legal\/"},"modified":"2024-12-02T15:00:37","modified_gmt":"2024-12-02T13:00:37","slug":"avis-legal","status":"publish","type":"page","link":"https:\/\/kinonaart.com\/es\/avis-legal\/","title":{"rendered":"Aviso legal"},"content":{"rendered":"\n<div class=\"wp-block-group aligncenter is-style-section is-layout-constrained wp-block-group-is-layout-constrained\"><h1 class=\"wp-block-post-title\">Aviso legal<\/h1>\n\n\n<p>En cumplimiento de lo dispuesto en la Ley 34\/2002, de 11 de julio, de Servicios de la Sociedad de la Informaci\u00f3n y de Comercio Electr\u00f3nico (LSSICE), se informa de los siguientes datos:<\/p>\n\n\n\n<h4 class=\"wp-block-heading\">1. Datos identificativos:<\/h4>\n\n\n<div class=\"wp-block-list\">\n<ul class=\"wp-block-list\">\n<li>Titular: Maria Angeles Carrera Almeda<\/li>\n\n\n\n<li>NIF: 33935536W<\/li>\n\n\n\n<li>Direcci\u00f3n: <strong>Sant Cosme i Dami\u00e0, 26 &#8211; 08500 Vic<\/strong><\/li>\n\n\n\n<li>Correo electr\u00f3nico: kinonaart@gmail.com<\/li>\n\n\n\n<li>Tel\u00e9fono: <strong>+34 667 759 009<\/strong><\/li>\n\n\n\n<li>Web: <strong><a href=\"https:\/\/kinonaart.com\">https:\/\/kinonaart.com<\/a><\/strong><\/li>\n<\/ul>\n<\/div>\n\n\n<h4 class=\"wp-block-heading\">2. Objeto del sitio web:<\/h4>\n\n\n\n<p>El sitio web <strong><a href=\"https:\/\/kinonaart.com\">https:\/\/kinonaart.com<\/a><\/strong> tiene como objetivo proporcionar informaci\u00f3n sobre los productos y servicios ofrecidos por <strong>Kinona Art Bot\u00e0nic<\/strong>, as\u00ed como permitir su contrataci\u00f3n en l\u00ednea, en caso de que aplique.<\/p>\n\n\n\n<h4 class=\"wp-block-heading\">3. Uso del sitio web:<\/h4>\n\n\n\n<p>El usuario se compromete a hacer un uso adecuado de los contenidos y servicios que se ofrecen a trav\u00e9s de este sitio web y a no utilizarlos para realizar actividades il\u00edcitas o contrarias a la buena fe y al orden p\u00fablico.<\/p>\n\n\n\n<h4 class=\"wp-block-heading\">4. Propiedad intelectual e industrial:<\/h4>\n\n\n\n<p>Todos los contenidos de este sitio web, incluyendo, sin car\u00e1cter limitativo, los textos, im\u00e1genes, gr\u00e1ficos, logotipos, iconos y otros contenidos audiovisuales o sonoros, as\u00ed como el dise\u00f1o gr\u00e1fico y el c\u00f3digo fuente, son propiedad de <strong>Kinona Art Bot\u00e0nic<\/strong>, o de terceros que han autorizado su uso, y est\u00e1n protegidos por los derechos de propiedad intelectual e industrial. Queda prohibida su reproducci\u00f3n, distribuci\u00f3n o modificaci\u00f3n sin previa autorizaci\u00f3n.<\/p>\n\n\n\n<h4 class=\"wp-block-heading\">5. Responsabilidad de los contenidos:<\/h4>\n\n\n\n<p><strong>Kinona Art Bot\u00e0nic<\/strong> no se hace responsable del uso indebido que se realice de los contenidos de su sitio web, siendo exclusiva responsabilidad del usuario el acceso o uso incorrecto de los mismos.<\/p>\n\n\n\n<h4 class=\"wp-block-heading\">6. Enlaces a terceros:<\/h4>\n\n\n\n<p>Este sitio web puede contener enlaces a p\u00e1ginas de terceros. <strong>Kinona Art Bot\u00e0nic<\/strong> no asume ninguna responsabilidad por el contenido, informaci\u00f3n o servicios que puedan aparecer en dichos sitios, los cuales tienen un car\u00e1cter exclusivamente informativo y que en ning\u00fan caso implican una relaci\u00f3n entre <strong>Kinona Art Bot\u00e0nic<\/strong> y las personas o entidades titulares de esos contenidos.<\/p>\n\n\n\n<h4 class=\"wp-block-heading\">7. Protecci\u00f3n de datos:<\/h4>\n\n\n\n<p>De conformidad con la normativa vigente en materia de protecci\u00f3n de datos, los datos personales que se puedan recoger a trav\u00e9s de este sitio web ser\u00e1n tratados de acuerdo con nuestra Pol\u00edtica de Privacidad, que se puede consultar en esta misma web.<\/p>\n\n\n\n<h4 class=\"wp-block-heading\">8. Legislaci\u00f3n aplicable y jurisdicci\u00f3n:<\/h4>\n\n\n\n<p>Las relaciones establecidas entre <strong>Kinona Art Bot\u00e0nic<\/strong> y el usuario se regir\u00e1n por la normativa espa\u00f1ola vigente, y cualquier controversia se someter\u00e1 a los juzgados y tribunales de la ciudad de <strong>Vic<\/strong>.<\/p>\n<\/div>\n","protected":false},"excerpt":{"rendered":"<p>En cumplimiento de lo dispuesto en la Ley 34\/2002, de 11 de julio, de Servicios de la Sociedad de la Informaci\u00f3n y de Comercio Electr\u00f3nico (LSSICE), se informa de los siguientes datos: 1. Datos identificativos: 2. Objeto del sitio web: El sitio web https:\/\/kinonaart.com tiene como objetivo proporcionar informaci\u00f3n sobre los productos y servicios ofrecidos [&hellip;]<\/p>\n","protected":false},"author":1,"featured_media":0,"parent":0,"menu_order":0,"comment_status":"closed","ping_status":"closed","template":"","meta":{"_seopress_robots_primary_cat":"","_seopress_titles_title":"","_seopress_titles_desc":"","_seopress_robots_index":"","footnotes":""},"class_list":["post-323","page","type-page","status-publish","hentry"],"_links":{"self":[{"href":"https:\/\/kinonaart.com\/es\/wp-json\/wp\/v2\/pages\/323","targetHints":{"allow":["GET"]}}],"collection":[{"href":"https:\/\/kinonaart.com\/es\/wp-json\/wp\/v2\/pages"}],"about":[{"href":"https:\/\/kinonaart.com\/es\/wp-json\/wp\/v2\/types\/page"}],"author":[{"embeddable":true,"href":"https:\/\/kinonaart.com\/es\/wp-json\/wp\/v2\/users\/1"}],"replies":[{"embeddable":true,"href":"https:\/\/kinonaart.com\/es\/wp-json\/wp\/v2\/comments?post=323"}],"version-history":[{"count":0,"href":"https:\/\/kinonaart.com\/es\/wp-json\/wp\/v2\/pages\/323\/revisions"}],"wp:attachment":[{"href":"https:\/\/kinonaart.com\/es\/wp-json\/wp\/v2\/media?parent=323"}],"curies":[{"name":"wp","href":"https:\/\/api.w.org\/{rel}","templated":true}]}}