{"id":319,"date":"2024-07-08T16:49:14","date_gmt":"2024-07-08T14:49:14","guid":{"rendered":"https:\/\/kinonaart.com\/sobre-mi\/"},"modified":"2025-10-02T12:15:22","modified_gmt":"2025-10-02T10:15:22","slug":"sobre-mi","status":"publish","type":"page","link":"https:\/\/kinonaart.com\/es\/sobre-mi\/","title":{"rendered":"Sobre mi"},"content":{"rendered":"\n<figure data-wp-context=\"{&quot;imageId&quot;:&quot;69fb2a5b01dd6&quot;}\" data-wp-interactive=\"core\/image\" data-wp-key=\"69fb2a5b01dd6\" class=\"wp-block-image alignwide size-large wp-lightbox-container\"><img loading=\"lazy\" decoding=\"async\" width=\"1024\" height=\"401\" data-wp-class--hide=\"state.isContentHidden\" data-wp-class--show=\"state.isContentVisible\" data-wp-init=\"callbacks.setButtonStyles\" data-wp-on--click=\"actions.showLightbox\" data-wp-on--load=\"callbacks.setButtonStyles\" data-wp-on-window--resize=\"callbacks.setButtonStyles\" src=\"https:\/\/kinonaart.com\/wp-content\/uploads\/2024\/07\/cabecera-sobre-mi_ok-1024x401.jpg\" alt=\"cabecera sobre mi ok\" class=\"wp-image-216\" srcset=\"https:\/\/kinonaart.com\/wp-content\/uploads\/2024\/07\/cabecera-sobre-mi_ok-1024x401.jpg 1024w, https:\/\/kinonaart.com\/wp-content\/uploads\/2024\/07\/cabecera-sobre-mi_ok-300x117.jpg 300w, https:\/\/kinonaart.com\/wp-content\/uploads\/2024\/07\/cabecera-sobre-mi_ok-768x300.jpg 768w, https:\/\/kinonaart.com\/wp-content\/uploads\/2024\/07\/cabecera-sobre-mi_ok-150x59.jpg 150w, https:\/\/kinonaart.com\/wp-content\/uploads\/2024\/07\/cabecera-sobre-mi_ok-600x235.jpg 600w, https:\/\/kinonaart.com\/wp-content\/uploads\/2024\/07\/cabecera-sobre-mi_ok.jpg 1480w\" sizes=\"auto, (max-width: 1024px) 100vw, 1024px\" \/><button\n\t\t\tclass=\"lightbox-trigger\"\n\t\t\ttype=\"button\"\n\t\t\taria-haspopup=\"dialog\"\n\t\t\taria-label=\"Agrandar\"\n\t\t\tdata-wp-init=\"callbacks.initTriggerButton\"\n\t\t\tdata-wp-on--click=\"actions.showLightbox\"\n\t\t\tdata-wp-style--right=\"state.imageButtonRight\"\n\t\t\tdata-wp-style--top=\"state.imageButtonTop\"\n\t\t>\n\t\t\t<svg xmlns=\"http:\/\/www.w3.org\/2000\/svg\" width=\"12\" height=\"12\" fill=\"none\" viewBox=\"0 0 12 12\">\n\t\t\t\t<path fill=\"#fff\" d=\"M2 0a2 2 0 0 0-2 2v2h1.5V2a.5.5 0 0 1 .5-.5h2V0H2Zm2 10.5H2a.5.5 0 0 1-.5-.5V8H0v2a2 2 0 0 0 2 2h2v-1.5ZM8 12v-1.5h2a.5.5 0 0 0 .5-.5V8H12v2a2 2 0 0 1-2 2H8Zm2-12a2 2 0 0 1 2 2v2h-1.5V2a.5.5 0 0 0-.5-.5H8V0h2Z\" \/>\n\t\t\t<\/svg>\n\t\t<\/button><\/figure>\n\n\n\n<div class=\"wp-block-group aligncenter is-style-section is-vertical is-layout-flex wp-container-core-group-is-layout-fe9cc265 wp-block-group-is-layout-flex\"><h1 class=\"wp-block-post-title\">Sobre mi<\/h1>\n\n\n<p>Hola me llamo \u00c1ngeles, maestra de profesi\u00f3n, mi pasi\u00f3n son las plantas.<\/p>\n\n\n\n<p>Desde muy joven me han gustado las plantas y todo lo relacionado con ellas, les observo, estudio, siembro\u2026<\/p>\n\n\n\n<p>Tengo la suerte de disponer de un terreno en el que hay un peque\u00f1o huerto y jard\u00edn, lleno de flores y plantas arom\u00e1ticas. Todo de cultivo ecol\u00f3gico.<\/p>\n\n\n\n<p>Hace un tiempo que empiezo a pensar qu\u00e9 pod\u00eda hacer con todos los recursos que nos ofrece el jard\u00edn, por lo que naci\u00f3 este peque\u00f1o proyecto.<\/p>\n\n\n\n<p>Todos los productos que encontrar\u00e1s en kinona.art est\u00e1n elaborados con plantas de cultivo propio ecol\u00f3gico, o plantas silvestres recogidas en nuestro entorno cercano. Productos artesanales, naturales, hechos a mano y elaborados de forma tradicional.<\/p>\n\n\n\n<p><strong>CAN BARRAL<\/strong><\/p>\n\n\n\n<p>As\u00ed es como se llama el terreno donde tenemos el jard\u00edn y el huerto. Antiguamente era una finca agr\u00edcola pero por diversos motivos la superficie cultivable fue disminuyendo considerablemente. A pesar de todo hay espacio suficiente para albergar un jard\u00edn y un peque\u00f1o huerto familiar. Practicamos una agricultura ecol\u00f3gica, nuestras plantas crecen libres de qu\u00edmicos y pesticidas. Curamos las plantas con otras plantas y utilizamos abonos org\u00e1nicos. En Can Barral no tenemos c\u00e9sped sino prado natural para reducir el consumo de agua y de nutrientes. Reservamos espacios controlados donde la vegetaci\u00f3n aut\u00f3ctona puede crecer: milenrama, malvas, artemisas, borrajas etc. se desarrollan con libertad.<\/p>\n\n\n\n<p class=\"has-text-align-left\">El jard\u00edn de Can Barral es un jard\u00edn r\u00fastico de tipo ingles donde se mezclan diferentes tipos de plantas. Aprovechando las irregularidades del terreno se han creado caminos naturales para pasear e ir descubriendo las plantas con una apariencia de naturalidad. A pesar del caos aparente hay un orden con espacios diferenciados: zonas de sombra, espacios destinados a las plantas de flor, los arboles frutales, frutos del bosque&#8230;<\/p>\n\n\n\n<p class=\"has-text-align-left\">Desde joven soy una gran fan de las plantas arom\u00e1ticas, con el tiempo hemos plantado por todo el jard\u00edn. Hay plantas que estan muy arraigadas en nuestro territorio como el tomillo, romeros, lavanda i las salvias. Otras no son tan conocidas como el t\u00e9 de burro y el shiso.<\/p>\n\n\n\n<p>El peque\u00f1o invernadero nos permite sembrar m\u00e1s temprano plantas anuales destinadas al Ecoprint (Impresi\u00f3n bot\u00e1nica) y al prensado bot\u00e1nico. Ultimamente estoy estudiando las plantas tintoreas. Cada a\u00f1o intento introducir nueva planta para tener mi propio jard\u00edn tintorio. El glasto, ricino y la rubia son plantas que se han adaptado muy bien.<\/p>\n\n\n\n<p class=\"has-text-align-left\">En <strong><em>Kinona <\/em><\/strong>sembramos las semillas, vemos crecer las plantas y las recolectamos en su mejor momento para elaborar despu\u00e9s nuestros productos naturales: hidrolatos, tinturas, oleatos, etc. Tambi\u00e9n nos permiten desarrollar nuestra parte m\u00e1s creativa: las piezas con flores prensadas, la impresi\u00f3n bot\u00e1nica sobre tejidos y los tintes naturales. En <strong><em>Kinona<\/em><\/strong> formamos parte de todo el proceso de elaboraci\u00f3n de un producto desde el inicio hasta que llega a tus manos. Cada articulo lleva un trocito de Can Barral.<\/p>\n\n\n\n<p><\/p>\n<\/div>\n\n\n\n<p><\/p>\n","protected":false},"excerpt":{"rendered":"<p>Hola me llamo \u00c1ngeles, maestra de profesi\u00f3n, mi pasi\u00f3n son las plantas. Desde muy joven me han gustado las plantas y todo lo relacionado con ellas, les observo, estudio, siembro\u2026 Tengo la suerte de disponer de un terreno en el que hay un peque\u00f1o huerto y jard\u00edn, lleno de flores y plantas arom\u00e1ticas. Todo de [&hellip;]<\/p>\n","protected":false},"author":1,"featured_media":0,"parent":0,"menu_order":0,"comment_status":"closed","ping_status":"closed","template":"","meta":{"_seopress_robots_primary_cat":"","_seopress_titles_title":"Sobre-mi-Kinona","_seopress_titles_desc":"","_seopress_robots_index":"","footnotes":""},"class_list":["post-319","page","type-page","status-publish","hentry"],"_links":{"self":[{"href":"https:\/\/kinonaart.com\/es\/wp-json\/wp\/v2\/pages\/319","targetHints":{"allow":["GET"]}}],"collection":[{"href":"https:\/\/kinonaart.com\/es\/wp-json\/wp\/v2\/pages"}],"about":[{"href":"https:\/\/kinonaart.com\/es\/wp-json\/wp\/v2\/types\/page"}],"author":[{"embeddable":true,"href":"https:\/\/kinonaart.com\/es\/wp-json\/wp\/v2\/users\/1"}],"replies":[{"embeddable":true,"href":"https:\/\/kinonaart.com\/es\/wp-json\/wp\/v2\/comments?post=319"}],"version-history":[{"count":0,"href":"https:\/\/kinonaart.com\/es\/wp-json\/wp\/v2\/pages\/319\/revisions"}],"wp:attachment":[{"href":"https:\/\/kinonaart.com\/es\/wp-json\/wp\/v2\/media?parent=319"}],"curies":[{"name":"wp","href":"https:\/\/api.w.org\/{rel}","templated":true}]}}